{"id":29120,"date":"2023-06-09T08:26:50","date_gmt":"2023-06-09T06:26:50","guid":{"rendered":"https:\/\/visitrijeka.hr\/advent-u-rijeci\/"},"modified":"2025-12-04T13:01:55","modified_gmt":"2025-12-04T12:01:55","slug":"lavvento-a-rijeka","status":"publish","type":"page","link":"https:\/\/visitrijeka.hr\/it\/lavvento-a-rijeka\/","title":{"rendered":"L&#8217;avvento a Fiume"},"content":{"rendered":"<p><div class=\"fusion-fullwidth fullwidth-box fusion-builder-row-1 fusion-flex-container has-pattern-background has-mask-background nonhundred-percent-fullwidth non-hundred-percent-height-scrolling\" style=\"--awb-border-radius-top-left:0px;--awb-border-radius-top-right:0px;--awb-border-radius-bottom-right:0px;--awb-border-radius-bottom-left:0px;--awb-padding-bottom:0px;--awb-padding-top-small:-30px;--awb-margin-top:0px;--awb-margin-bottom:0px;--awb-flex-wrap:wrap;\" ><div class=\"fusion-builder-row fusion-row fusion-flex-align-items-flex-start fusion-flex-content-wrap\" style=\"max-width:1414.4px;margin-left: calc(-4% \/ 2 );margin-right: calc(-4% \/ 2 );\"><div class=\"fusion-layout-column fusion_builder_column fusion-builder-column-0 fusion_builder_column_3_4 3_4 fusion-flex-column id-29120\" style=\"--awb-bg-size:cover;--awb-width-large:75%;--awb-margin-top-large:0px;--awb-spacing-right-large:2.56%;--awb-margin-bottom-large:20px;--awb-spacing-left-large:2.56%;--awb-width-medium:75%;--awb-order-medium:0;--awb-spacing-right-medium:2.56%;--awb-spacing-left-medium:2.56%;--awb-width-small:100%;--awb-order-small:1;--awb-spacing-right-small:1.92%;--awb-spacing-left-small:1.92%;\" data-scroll-devices=\"small-visibility,medium-visibility,large-visibility\"><div class=\"fusion-column-wrapper fusion-column-has-shadow fusion-flex-justify-content-flex-start fusion-content-layout-column\"><\/div><\/div><div class=\"fusion-layout-column fusion_builder_column fusion-builder-column-1 fusion_builder_column_1_4 1_4 fusion-flex-column fusion-flex-align-self-flex-start id-29120\" style=\"--awb-padding-right-small:30px;--awb-padding-left-small:30px;--awb-bg-size:cover;--awb-width-large:25%;--awb-margin-top-large:-30px;--awb-spacing-right-large:0px;--awb-margin-bottom-large:20px;--awb-spacing-left-large:0px;--awb-width-medium:25%;--awb-order-medium:0;--awb-spacing-right-medium:0px;--awb-spacing-left-medium:0px;--awb-width-small:100%;--awb-order-small:0;--awb-margin-top-small:-10px;--awb-spacing-right-small:1.92%;--awb-spacing-left-small:1.92%;\" data-scroll-devices=\"small-visibility,medium-visibility,large-visibility\"><div class=\"fusion-column-wrapper fusion-column-has-shadow fusion-flex-justify-content-flex-start fusion-content-layout-column\"><div class=\"fusion-text fusion-text-1\">     <ul style=\"--awb-size:20px;--awb-margin-top:0px;--awb-margin-right:0px;--awb-margin-bottom:0px;--awb-margin-left:0px;--awb-item-padding-top:0px;--awb-item-padding-right:0px;--awb-item-padding-bottom:0px;--awb-item-padding-left:0px;--awb-line-height:34px;--awb-icon-width:34px;--awb-icon-height:34px;--awb-icon-margin:14px;--awb-content-margin:48px;\" class=\"fusion-checklist fusion-checklist-1 type-icons\">\n         <li class=\"fusion-li-item\" style=\"\">\n            <span class=\"icon-wrapper circle-no\">\n                <i class=\"fusion-li-icon icon-Plava_Visitrijeka\" aria-hidden=\"true\"><\/i>\n            <\/span>\n            <div class=\"fusion-li-item-content\">\n                <h3><strong>eventi.<\/strong><\/h3>\n            <\/div>\n        <\/li>\n    <\/ul>\n    \n<\/div><\/div><\/div>\n<\/div><\/div><div class=\"fusion-fullwidth fullwidth-box fusion-builder-row-2 fusion-flex-container has-pattern-background has-mask-background nonhundred-percent-fullwidth non-hundred-percent-height-scrolling\" style=\"--awb-border-radius-top-left:0px;--awb-border-radius-top-right:0px;--awb-border-radius-bottom-right:0px;--awb-border-radius-bottom-left:0px;--awb-padding-top:30px;--awb-padding-bottom:45px;--awb-background-color:var(--awb-color1);--awb-flex-wrap:wrap;\" ><div class=\"fusion-builder-row fusion-row fusion-flex-align-items-flex-start fusion-flex-content-wrap\" style=\"max-width:1414.4px;margin-left: calc(-4% \/ 2 );margin-right: calc(-4% \/ 2 );\"><div class=\"fusion-layout-column fusion_builder_column fusion-builder-column-2 fusion_builder_column_1_1 1_1 fusion-flex-column id-29120\" style=\"--awb-bg-size:cover;--awb-width-large:100%;--awb-margin-top-large:-50px;--awb-spacing-right-large:1.92%;--awb-margin-bottom-large:20px;--awb-spacing-left-large:1.92%;--awb-width-medium:100%;--awb-order-medium:0;--awb-spacing-right-medium:1.92%;--awb-spacing-left-medium:1.92%;--awb-width-small:100%;--awb-order-small:0;--awb-spacing-right-small:1.92%;--awb-spacing-left-small:1.92%;\" data-scroll-devices=\"small-visibility,medium-visibility,large-visibility\"><div class=\"fusion-column-wrapper fusion-column-has-shadow fusion-flex-justify-content-flex-start fusion-content-layout-column\"><div class=\"fusion-text fusion-text-2 fusion-text-no-margin\" style=\"--awb-text-color:var(--awb-color8);--awb-margin-bottom:50px;\"><p>Rijeka (Fiume), citt\u00e0 speciale per molti aspetti, lascia il vecchio anno in maniera altrettanto tipica. A Rijeka ogni mese \u00e8 caratterizzato da una storia unica; dicembre invece \u00e8 davvero una fiaba che viene raccontata dalla citt\u00e0 stessa e dalle persone che la abitano, che uniscono le proprie forze tra le strade cittadine, sulle piazze, al mare e in prossimit\u00e0 del mare. Nel momento in cui Rijeka si veste da \u201cdicembre\u201d e si illumina di festivit\u00e0 in tutta la sua maestosa grandezza, tutto in essa diventa magia. Assolutamente non bisogna perdere il momento in cui mille e mille luci spazzano via il buio. Proprio sotto queste luci, il mese successivo \u00e8 ravvivato dalla fantasia delle numerose manifestazioni destinate alle persone di tutte le et\u00e0. Questo \u00e8 il periodo in cui Rijeka canta, balla, suona, ride ed \u00e8 felice. Il tempo in cui Rijeka regala e aiuta e dimostra la propria diversit\u00e0.<\/p>\n<p>La fiera di Natale e di Capodanno, longeva manifestazione fiumana tipica del mese di dicembre, offre tutti i sapori e i profumi non solo di Rijeka ma anche delle zone limitrofe. Nelle simpatiche casette di legno situate lungo le zone pedonali della citt\u00e0, anche il compratore pi\u00f9 esigente potr\u00e0 trovare qualcosa di interessante da acquistare per s\u00e9. Indipendentemente se sia cibo, una bibita, un dolce, un salato, un souvenir, degli addobbi di Natale, dei vestiti caldi di lana, oggetti d\u2019arte o d\u2019uso quotidiano, alla fiera fiumana si trova sempre quello che si cerca!<\/p>\n<p>I palcoscenici di dicembre della citt\u00e0 che scorre, come amiamo chiamare Rijeka, sono una storia unica. All\u2019inizio di dicembre si comincia a cantare, suonare e ballare, e cos\u00ec si prosegue finch\u00e9 l&#8217;anno nuovo non prende il sopravento su quello vecchio. Numerose societ\u00e0 culturali e artistiche, gruppi folkloristici e di danza, cori, teatri, le cosidette klape, esibizionisti pop e rock, arricchiscono il clima festoso con le loro abilit\u00e0 per un programma che soddisfa le esigenze dei bambini ma anche degli adulti.<\/p>\n<p>E nella fiaba dicembrina, Rijeka pu\u00f2 altres\u00ec vantare un \u201ccapitolo gastronomico\u201d. Ristoranti, trattorie e bar fiumani sui propri menu presentano cibi autoctoni e nelle bancarelle all&#8217;aperto offrono delle degustazioni. Non si pu\u00f2 essere a Rijeka e non prendere parte alla tradizionale colazione umanitaria per la vigilia di Natale! La Citt\u00e0 di Rijeka, insieme agli imprenditori fiumani offre ai propri concittadini offre diverse prelibatezze tra cui goulash di merluzzo, calamari fritti e altre specialit\u00e0 di pesce insieme alle inevitabili frittelle.<\/p>\n<p>Per non parlare poi di quanto dicembre \u00e8 amato a Rijeka dai pi\u00f9 piccoli! Appena iniziano a suonare i Babbi di Natale della Gradska glazba Trsat i bambini sanno l\u2019avventura sta per iniziare! Prima arrivano San Nicol\u00f2 e l&#8217;indimenticabile accompagnatore Krampus. Poi parte il trenino di Babbo Natale, il trenino che guida ogni giorno e che non fa mai (e diciamo mai) ritardo\u2026 un trenino che suona pure! E poi, sul Corso, arriva anche Babbo Natale e in ogni stand vengono offerte numerose caramelle&#8230; Un piacere che si pu\u00f2 solo sognare! Se ci aggiungiamo ancora le diverse attrazioni volanti al luna park e la Morska pahuljica, la pista di pattinaggio che sorge proprio accanto al mare, vediamo che \u00e8 veramente bellissimo essere un bambino a Rijeka!<\/p>\n<p>Nella settimana in cui dicembre ci saluta gli avvenimenti \u201cbastano e avanzano\u201d. Potremmo sottolineare il tradizionale concerto natalizio \u201cBo\u017ei\u0107 je judi\u201c e il concerto di Capodanno nel Teatro Nazionale Croato Ivan pl. Zajc, Rijeka. La \u201cpromenada\u201d e le vie adiacenti suoneranno la loro melodia\u2026 in strada si ode la musica proveniente da ogni bar e, tutte insieme, di sciolgono nel grande finale dell&#8217;Avvento a Rijeka \u2013 la tradizionale festa di Capodanno all&#8217;aperto, manifestazione in cui, sotto le luci abbaglianti dei grandiosi fuochi d&#8217;artificio, vengono scambiati i baci da parte di decine di migliaia di persone che salutano il vecchio ed accolgono l&#8217;anno nuovo.<br \/>\nCos&#8217;altro dire oltre al fatto che l&#8217;Avvento a Rijeka \u00e8 da non perdere perch\u00e9 essere partecipe alla fiaba del mese di dicembre di Rijeka \u00e8 un&#8217;esperienza unica. Inoltre, di anno in anno questa fiaba \u00e8 sempre pi\u00f9 giocosa e con un contenuto sempre pi\u00f9 ampio.<\/p>\n<\/div><div class=\"awb-gallery-wrapper awb-gallery-wrapper-1 button-span-no\" style=\"--more-btn-alignment:center;\"><div style=\"margin:-5px;--awb-bordersize:0px;\" class=\"fusion-gallery fusion-gallery-container fusion-grid-3 fusion-columns-total-5 fusion-gallery-layout-grid fusion-gallery-1\"><div style=\"padding:5px;\" class=\"fusion-grid-column fusion-gallery-column fusion-gallery-column-3 hover-type-none\"><div class=\"fusion-gallery-image\"><a href=\"https:\/\/visitrijeka.hr\/wp-content\/uploads\/2023\/05\/Adventski-sajam-Kategorija-scaled-1-min-min-1.jpg\" rel=\"noreferrer\" data-rel=\"iLightbox[gallery_image_1]\" class=\"fusion-lightbox\" target=\"_self\"><img decoding=\"async\" src=\"https:\/\/visitrijeka.hr\/wp-content\/uploads\/2023\/05\/Adventski-sajam-Kategorija-scaled-1-min-min-1.jpg\" data-orig-src=\"https:\/\/visitrijeka.hr\/wp-content\/uploads\/2023\/05\/Adventski-sajam-Kategorija-scaled-1-min-min-1.jpg\" width=\"1000\" height=\"677\" alt=\"Advent u Rijeci\" title=\"Adventski-sajam-Kategorija-scaled-1-min-min\" aria-label=\"Adventski-sajam-Kategorija-scaled-1-min-min\" class=\"lazyload img-responsive wp-image-22352\" srcset=\"data:image\/svg+xml,%3Csvg%20xmlns%3D%27http%3A%2F%2Fwww.w3.org%2F2000%2Fsvg%27%20width%3D%271000%27%20height%3D%27677%27%20viewBox%3D%270%200%201000%20677%27%3E%3Crect%20width%3D%271000%27%20height%3D%27677%27%20fill-opacity%3D%220%22%2F%3E%3C%2Fsvg%3E\" data-srcset=\"https:\/\/visitrijeka.hr\/wp-content\/uploads\/2023\/05\/Adventski-sajam-Kategorija-scaled-1-min-min-1-200x135.jpg 200w, https:\/\/visitrijeka.hr\/wp-content\/uploads\/2023\/05\/Adventski-sajam-Kategorija-scaled-1-min-min-1-400x271.jpg 400w, https:\/\/visitrijeka.hr\/wp-content\/uploads\/2023\/05\/Adventski-sajam-Kategorija-scaled-1-min-min-1-600x406.jpg 600w, https:\/\/visitrijeka.hr\/wp-content\/uploads\/2023\/05\/Adventski-sajam-Kategorija-scaled-1-min-min-1-800x542.jpg 800w, https:\/\/visitrijeka.hr\/wp-content\/uploads\/2023\/05\/Adventski-sajam-Kategorija-scaled-1-min-min-1.jpg 1000w\" data-sizes=\"auto\" data-orig-sizes=\"(min-width: 2200px) 100vw, (min-width: 784px) 450px, (min-width: 712px) 675px, (min-width: 640px) 712px, \" \/><\/a><\/div><\/div><div style=\"padding:5px;\" class=\"fusion-grid-column fusion-gallery-column fusion-gallery-column-3 hover-type-none\"><div class=\"fusion-gallery-image\"><a href=\"https:\/\/visitrijeka.hr\/wp-content\/uploads\/2023\/05\/Advent2.jpg\" rel=\"noreferrer\" data-rel=\"iLightbox[gallery_image_1]\" class=\"fusion-lightbox\" target=\"_self\"><img decoding=\"async\" src=\"https:\/\/visitrijeka.hr\/wp-content\/uploads\/2023\/05\/Advent2.jpg\" data-orig-src=\"https:\/\/visitrijeka.hr\/wp-content\/uploads\/2023\/05\/Advent2.jpg\" width=\"1000\" height=\"677\" alt=\"Advent u Rijeci\" title=\"Advent2\" aria-label=\"Advent2\" class=\"lazyload img-responsive wp-image-22358\" srcset=\"data:image\/svg+xml,%3Csvg%20xmlns%3D%27http%3A%2F%2Fwww.w3.org%2F2000%2Fsvg%27%20width%3D%271000%27%20height%3D%27677%27%20viewBox%3D%270%200%201000%20677%27%3E%3Crect%20width%3D%271000%27%20height%3D%27677%27%20fill-opacity%3D%220%22%2F%3E%3C%2Fsvg%3E\" data-srcset=\"https:\/\/visitrijeka.hr\/wp-content\/uploads\/2023\/05\/Advent2-200x135.jpg 200w, https:\/\/visitrijeka.hr\/wp-content\/uploads\/2023\/05\/Advent2-400x271.jpg 400w, https:\/\/visitrijeka.hr\/wp-content\/uploads\/2023\/05\/Advent2-600x406.jpg 600w, https:\/\/visitrijeka.hr\/wp-content\/uploads\/2023\/05\/Advent2-800x542.jpg 800w, https:\/\/visitrijeka.hr\/wp-content\/uploads\/2023\/05\/Advent2.jpg 1000w\" data-sizes=\"auto\" data-orig-sizes=\"(min-width: 2200px) 100vw, (min-width: 784px) 450px, (min-width: 712px) 675px, (min-width: 640px) 712px, \" \/><\/a><\/div><\/div><div style=\"padding:5px;\" class=\"fusion-grid-column fusion-gallery-column fusion-gallery-column-3 hover-type-none\"><div class=\"fusion-gallery-image\"><a href=\"https:\/\/visitrijeka.hr\/wp-content\/uploads\/2023\/05\/Advent4.jpg\" rel=\"noreferrer\" data-rel=\"iLightbox[gallery_image_1]\" class=\"fusion-lightbox\" target=\"_self\"><img decoding=\"async\" src=\"https:\/\/visitrijeka.hr\/wp-content\/uploads\/2023\/05\/Advent4.jpg\" data-orig-src=\"https:\/\/visitrijeka.hr\/wp-content\/uploads\/2023\/05\/Advent4.jpg\" width=\"1000\" height=\"677\" alt=\"\" title=\"Advent4\" aria-label=\"Advent4\" class=\"lazyload img-responsive wp-image-22364\" srcset=\"data:image\/svg+xml,%3Csvg%20xmlns%3D%27http%3A%2F%2Fwww.w3.org%2F2000%2Fsvg%27%20width%3D%271000%27%20height%3D%27677%27%20viewBox%3D%270%200%201000%20677%27%3E%3Crect%20width%3D%271000%27%20height%3D%27677%27%20fill-opacity%3D%220%22%2F%3E%3C%2Fsvg%3E\" data-srcset=\"https:\/\/visitrijeka.hr\/wp-content\/uploads\/2023\/05\/Advent4-200x135.jpg 200w, https:\/\/visitrijeka.hr\/wp-content\/uploads\/2023\/05\/Advent4-400x271.jpg 400w, https:\/\/visitrijeka.hr\/wp-content\/uploads\/2023\/05\/Advent4-600x406.jpg 600w, https:\/\/visitrijeka.hr\/wp-content\/uploads\/2023\/05\/Advent4-800x542.jpg 800w, https:\/\/visitrijeka.hr\/wp-content\/uploads\/2023\/05\/Advent4.jpg 1000w\" data-sizes=\"auto\" data-orig-sizes=\"(min-width: 2200px) 100vw, (min-width: 784px) 450px, (min-width: 712px) 675px, (min-width: 640px) 712px, \" \/><\/a><\/div><\/div><div class=\"clearfix\"><\/div><div style=\"padding:5px;\" class=\"fusion-grid-column fusion-gallery-column fusion-gallery-column-3 hover-type-none\"><div class=\"fusion-gallery-image\"><a href=\"https:\/\/visitrijeka.hr\/wp-content\/uploads\/2023\/05\/Advent5.jpg\" rel=\"noreferrer\" data-rel=\"iLightbox[gallery_image_1]\" class=\"fusion-lightbox\" target=\"_self\"><img decoding=\"async\" src=\"https:\/\/visitrijeka.hr\/wp-content\/uploads\/2023\/05\/Advent5.jpg\" data-orig-src=\"https:\/\/visitrijeka.hr\/wp-content\/uploads\/2023\/05\/Advent5.jpg\" width=\"1000\" height=\"677\" alt=\"\" title=\"Advent5\" aria-label=\"Advent5\" class=\"lazyload img-responsive wp-image-22370\" srcset=\"data:image\/svg+xml,%3Csvg%20xmlns%3D%27http%3A%2F%2Fwww.w3.org%2F2000%2Fsvg%27%20width%3D%271000%27%20height%3D%27677%27%20viewBox%3D%270%200%201000%20677%27%3E%3Crect%20width%3D%271000%27%20height%3D%27677%27%20fill-opacity%3D%220%22%2F%3E%3C%2Fsvg%3E\" data-srcset=\"https:\/\/visitrijeka.hr\/wp-content\/uploads\/2023\/05\/Advent5-200x135.jpg 200w, https:\/\/visitrijeka.hr\/wp-content\/uploads\/2023\/05\/Advent5-400x271.jpg 400w, https:\/\/visitrijeka.hr\/wp-content\/uploads\/2023\/05\/Advent5-600x406.jpg 600w, https:\/\/visitrijeka.hr\/wp-content\/uploads\/2023\/05\/Advent5-800x542.jpg 800w, https:\/\/visitrijeka.hr\/wp-content\/uploads\/2023\/05\/Advent5.jpg 1000w\" data-sizes=\"auto\" data-orig-sizes=\"(min-width: 2200px) 100vw, (min-width: 784px) 450px, (min-width: 712px) 675px, (min-width: 640px) 712px, \" \/><\/a><\/div><\/div><div style=\"padding:5px;\" class=\"fusion-grid-column fusion-gallery-column fusion-gallery-column-3 hover-type-none\"><div class=\"fusion-gallery-image\"><a href=\"https:\/\/visitrijeka.hr\/wp-content\/uploads\/2023\/05\/AdventiranjeRi.jpg\" rel=\"noreferrer\" data-rel=\"iLightbox[gallery_image_1]\" class=\"fusion-lightbox\" target=\"_self\"><img decoding=\"async\" src=\"https:\/\/visitrijeka.hr\/wp-content\/uploads\/2023\/05\/AdventiranjeRi.jpg\" data-orig-src=\"https:\/\/visitrijeka.hr\/wp-content\/uploads\/2023\/05\/AdventiranjeRi.jpg\" width=\"1000\" height=\"677\" alt=\"\" title=\"AdventiranjeRi\" aria-label=\"AdventiranjeRi\" class=\"lazyload img-responsive wp-image-22376\" srcset=\"data:image\/svg+xml,%3Csvg%20xmlns%3D%27http%3A%2F%2Fwww.w3.org%2F2000%2Fsvg%27%20width%3D%271000%27%20height%3D%27677%27%20viewBox%3D%270%200%201000%20677%27%3E%3Crect%20width%3D%271000%27%20height%3D%27677%27%20fill-opacity%3D%220%22%2F%3E%3C%2Fsvg%3E\" data-srcset=\"https:\/\/visitrijeka.hr\/wp-content\/uploads\/2023\/05\/AdventiranjeRi-200x135.jpg 200w, https:\/\/visitrijeka.hr\/wp-content\/uploads\/2023\/05\/AdventiranjeRi-400x271.jpg 400w, https:\/\/visitrijeka.hr\/wp-content\/uploads\/2023\/05\/AdventiranjeRi-600x406.jpg 600w, https:\/\/visitrijeka.hr\/wp-content\/uploads\/2023\/05\/AdventiranjeRi-800x542.jpg 800w, https:\/\/visitrijeka.hr\/wp-content\/uploads\/2023\/05\/AdventiranjeRi.jpg 1000w\" data-sizes=\"auto\" data-orig-sizes=\"(min-width: 2200px) 100vw, (min-width: 784px) 450px, (min-width: 712px) 675px, (min-width: 640px) 712px, \" \/><\/a><\/div><\/div><\/div><\/div><\/div><\/div><\/div><\/div>\n<\/p>\n","protected":false},"excerpt":{"rendered":"","protected":false},"author":1,"featured_media":100971,"parent":0,"menu_order":0,"comment_status":"closed","ping_status":"closed","template":"100-width.php","meta":{"_acf_changed":false,"inline_featured_image":false,"footnotes":""},"class_list":["post-29120","page","type-page","status-publish","has-post-thumbnail","hentry"],"acf":[],"yoast_head":"<!-- This site is optimized with the Yoast SEO plugin v26.3 - https:\/\/yoast.com\/wordpress\/plugins\/seo\/ -->\n<title>L&#039;avvento a Fiume - Visit Rijeka<\/title>\n<meta name=\"robots\" content=\"index, follow, max-snippet:-1, max-image-preview:large, max-video-preview:-1\" \/>\n<link rel=\"canonical\" href=\"https:\/\/visitrijeka.hr\/it\/lavvento-a-rijeka\/\" \/>\n<meta property=\"og:locale\" content=\"it_IT\" \/>\n<meta property=\"og:type\" content=\"article\" \/>\n<meta property=\"og:title\" content=\"L&#039;avvento a Fiume - Visit Rijeka\" \/>\n<meta property=\"og:url\" content=\"https:\/\/visitrijeka.hr\/it\/lavvento-a-rijeka\/\" \/>\n<meta property=\"og:site_name\" content=\"Visit Rijeka\" \/>\n<meta property=\"article:publisher\" content=\"https:\/\/www.facebook.com\/VisitRijeka\" \/>\n<meta property=\"article:modified_time\" content=\"2025-12-04T12:01:55+00:00\" \/>\n<meta property=\"og:image\" content=\"https:\/\/visitrijeka.hr\/wp-content\/uploads\/2025\/12\/2025-11-29-ADVENT_KORZO-94-1-scaled.jpg\" \/>\n\t<meta property=\"og:image:width\" content=\"2560\" \/>\n\t<meta property=\"og:image:height\" content=\"1708\" \/>\n\t<meta property=\"og:image:type\" content=\"image\/jpeg\" \/>\n<meta name=\"twitter:card\" content=\"summary_large_image\" \/>\n<meta name=\"twitter:label1\" content=\"Tempo di lettura stimato\" \/>\n\t<meta name=\"twitter:data1\" content=\"5 minuti\" \/>\n<script type=\"application\/ld+json\" class=\"yoast-schema-graph\">{\"@context\":\"https:\/\/schema.org\",\"@graph\":[{\"@type\":\"WebPage\",\"@id\":\"https:\/\/visitrijeka.hr\/it\/lavvento-a-rijeka\/\",\"url\":\"https:\/\/visitrijeka.hr\/it\/lavvento-a-rijeka\/\",\"name\":\"L'avvento a Fiume - Visit Rijeka\",\"isPartOf\":{\"@id\":\"https:\/\/visitrijeka.hr\/it\/#website\"},\"primaryImageOfPage\":{\"@id\":\"https:\/\/visitrijeka.hr\/it\/lavvento-a-rijeka\/#primaryimage\"},\"image\":{\"@id\":\"https:\/\/visitrijeka.hr\/it\/lavvento-a-rijeka\/#primaryimage\"},\"thumbnailUrl\":\"https:\/\/visitrijeka.hr\/wp-content\/uploads\/2025\/12\/2025-11-29-ADVENT_KORZO-94-1-scaled.jpg\",\"datePublished\":\"2023-06-09T06:26:50+00:00\",\"dateModified\":\"2025-12-04T12:01:55+00:00\",\"breadcrumb\":{\"@id\":\"https:\/\/visitrijeka.hr\/it\/lavvento-a-rijeka\/#breadcrumb\"},\"inLanguage\":\"it-IT\",\"potentialAction\":[{\"@type\":\"ReadAction\",\"target\":[\"https:\/\/visitrijeka.hr\/it\/lavvento-a-rijeka\/\"]}]},{\"@type\":\"ImageObject\",\"inLanguage\":\"it-IT\",\"@id\":\"https:\/\/visitrijeka.hr\/it\/lavvento-a-rijeka\/#primaryimage\",\"url\":\"https:\/\/visitrijeka.hr\/wp-content\/uploads\/2025\/12\/2025-11-29-ADVENT_KORZO-94-1-scaled.jpg\",\"contentUrl\":\"https:\/\/visitrijeka.hr\/wp-content\/uploads\/2025\/12\/2025-11-29-ADVENT_KORZO-94-1-scaled.jpg\",\"width\":2560,\"height\":1708,\"caption\":\"Advent Rijeka\"},{\"@type\":\"WebSite\",\"@id\":\"https:\/\/visitrijeka.hr\/it\/#website\",\"url\":\"https:\/\/visitrijeka.hr\/it\/\",\"name\":\"Visit Rijeka\",\"description\":\"Grad koji te\u010de....\",\"publisher\":{\"@id\":\"https:\/\/visitrijeka.hr\/it\/#organization\"},\"potentialAction\":[{\"@type\":\"SearchAction\",\"target\":{\"@type\":\"EntryPoint\",\"urlTemplate\":\"https:\/\/visitrijeka.hr\/it\/?s={search_term_string}\"},\"query-input\":{\"@type\":\"PropertyValueSpecification\",\"valueRequired\":true,\"valueName\":\"search_term_string\"}}],\"inLanguage\":\"it-IT\"},{\"@type\":\"Organization\",\"@id\":\"https:\/\/visitrijeka.hr\/it\/#organization\",\"name\":\"Visit Rijeka\",\"url\":\"https:\/\/visitrijeka.hr\/it\/\",\"logo\":{\"@type\":\"ImageObject\",\"inLanguage\":\"it-IT\",\"@id\":\"https:\/\/visitrijeka.hr\/it\/#\/schema\/logo\/image\/\",\"url\":\"https:\/\/visitrijeka.hr\/wp-content\/uploads\/2023\/02\/Logo_Visit_rijeka_460.svg\",\"contentUrl\":\"https:\/\/visitrijeka.hr\/wp-content\/uploads\/2023\/02\/Logo_Visit_rijeka_460.svg\",\"width\":100,\"height\":100,\"caption\":\"Visit Rijeka\"},\"image\":{\"@id\":\"https:\/\/visitrijeka.hr\/it\/#\/schema\/logo\/image\/\"},\"sameAs\":[\"https:\/\/www.facebook.com\/VisitRijeka\"]}]}<\/script>\n<!-- \/ Yoast SEO plugin. -->","yoast_head_json":{"title":"L'avvento a Fiume - Visit Rijeka","robots":{"index":"index","follow":"follow","max-snippet":"max-snippet:-1","max-image-preview":"max-image-preview:large","max-video-preview":"max-video-preview:-1"},"canonical":"https:\/\/visitrijeka.hr\/it\/lavvento-a-rijeka\/","og_locale":"it_IT","og_type":"article","og_title":"L'avvento a Fiume - Visit Rijeka","og_url":"https:\/\/visitrijeka.hr\/it\/lavvento-a-rijeka\/","og_site_name":"Visit Rijeka","article_publisher":"https:\/\/www.facebook.com\/VisitRijeka","article_modified_time":"2025-12-04T12:01:55+00:00","og_image":[{"width":2560,"height":1708,"url":"https:\/\/visitrijeka.hr\/wp-content\/uploads\/2025\/12\/2025-11-29-ADVENT_KORZO-94-1-scaled.jpg","type":"image\/jpeg"}],"twitter_card":"summary_large_image","twitter_misc":{"Tempo di lettura stimato":"5 minuti"},"schema":{"@context":"https:\/\/schema.org","@graph":[{"@type":"WebPage","@id":"https:\/\/visitrijeka.hr\/it\/lavvento-a-rijeka\/","url":"https:\/\/visitrijeka.hr\/it\/lavvento-a-rijeka\/","name":"L'avvento a Fiume - Visit Rijeka","isPartOf":{"@id":"https:\/\/visitrijeka.hr\/it\/#website"},"primaryImageOfPage":{"@id":"https:\/\/visitrijeka.hr\/it\/lavvento-a-rijeka\/#primaryimage"},"image":{"@id":"https:\/\/visitrijeka.hr\/it\/lavvento-a-rijeka\/#primaryimage"},"thumbnailUrl":"https:\/\/visitrijeka.hr\/wp-content\/uploads\/2025\/12\/2025-11-29-ADVENT_KORZO-94-1-scaled.jpg","datePublished":"2023-06-09T06:26:50+00:00","dateModified":"2025-12-04T12:01:55+00:00","breadcrumb":{"@id":"https:\/\/visitrijeka.hr\/it\/lavvento-a-rijeka\/#breadcrumb"},"inLanguage":"it-IT","potentialAction":[{"@type":"ReadAction","target":["https:\/\/visitrijeka.hr\/it\/lavvento-a-rijeka\/"]}]},{"@type":"ImageObject","inLanguage":"it-IT","@id":"https:\/\/visitrijeka.hr\/it\/lavvento-a-rijeka\/#primaryimage","url":"https:\/\/visitrijeka.hr\/wp-content\/uploads\/2025\/12\/2025-11-29-ADVENT_KORZO-94-1-scaled.jpg","contentUrl":"https:\/\/visitrijeka.hr\/wp-content\/uploads\/2025\/12\/2025-11-29-ADVENT_KORZO-94-1-scaled.jpg","width":2560,"height":1708,"caption":"Advent Rijeka"},{"@type":"WebSite","@id":"https:\/\/visitrijeka.hr\/it\/#website","url":"https:\/\/visitrijeka.hr\/it\/","name":"Visit Rijeka","description":"Grad koji te\u010de....","publisher":{"@id":"https:\/\/visitrijeka.hr\/it\/#organization"},"potentialAction":[{"@type":"SearchAction","target":{"@type":"EntryPoint","urlTemplate":"https:\/\/visitrijeka.hr\/it\/?s={search_term_string}"},"query-input":{"@type":"PropertyValueSpecification","valueRequired":true,"valueName":"search_term_string"}}],"inLanguage":"it-IT"},{"@type":"Organization","@id":"https:\/\/visitrijeka.hr\/it\/#organization","name":"Visit Rijeka","url":"https:\/\/visitrijeka.hr\/it\/","logo":{"@type":"ImageObject","inLanguage":"it-IT","@id":"https:\/\/visitrijeka.hr\/it\/#\/schema\/logo\/image\/","url":"https:\/\/visitrijeka.hr\/wp-content\/uploads\/2023\/02\/Logo_Visit_rijeka_460.svg","contentUrl":"https:\/\/visitrijeka.hr\/wp-content\/uploads\/2023\/02\/Logo_Visit_rijeka_460.svg","width":100,"height":100,"caption":"Visit Rijeka"},"image":{"@id":"https:\/\/visitrijeka.hr\/it\/#\/schema\/logo\/image\/"},"sameAs":["https:\/\/www.facebook.com\/VisitRijeka"]}]}},"_links":{"self":[{"href":"https:\/\/visitrijeka.hr\/it\/wp-json\/wp\/v2\/pages\/29120","targetHints":{"allow":["GET"]}}],"collection":[{"href":"https:\/\/visitrijeka.hr\/it\/wp-json\/wp\/v2\/pages"}],"about":[{"href":"https:\/\/visitrijeka.hr\/it\/wp-json\/wp\/v2\/types\/page"}],"author":[{"embeddable":true,"href":"https:\/\/visitrijeka.hr\/it\/wp-json\/wp\/v2\/users\/1"}],"replies":[{"embeddable":true,"href":"https:\/\/visitrijeka.hr\/it\/wp-json\/wp\/v2\/comments?post=29120"}],"version-history":[{"count":0,"href":"https:\/\/visitrijeka.hr\/it\/wp-json\/wp\/v2\/pages\/29120\/revisions"}],"wp:featuredmedia":[{"embeddable":true,"href":"https:\/\/visitrijeka.hr\/it\/wp-json\/wp\/v2\/media\/100971"}],"wp:attachment":[{"href":"https:\/\/visitrijeka.hr\/it\/wp-json\/wp\/v2\/media?parent=29120"}],"curies":[{"name":"wp","href":"https:\/\/api.w.org\/{rel}","templated":true}]}}