{"id":21284,"date":"2021-03-13T07:20:16","date_gmt":"2021-03-13T06:20:16","guid":{"rendered":"https:\/\/visitrijeka.hr\/izjava-o-koristenju-kolacica\/"},"modified":"2023-06-11T20:57:32","modified_gmt":"2023-06-11T18:57:32","slug":"modalita-di-utilizzo-dei-cookie","status":"publish","type":"page","link":"https:\/\/visitrijeka.hr\/it\/modalita-di-utilizzo-dei-cookie\/","title":{"rendered":"Modalit\u00e0 di utilizzo dei cookie"},"content":{"rendered":"<div class=\"fusion-fullwidth fullwidth-box fusion-builder-row-1 fusion-flex-container has-pattern-background has-mask-background nonhundred-percent-fullwidth non-hundred-percent-height-scrolling\" style=\"--awb-border-radius-top-left:0px;--awb-border-radius-top-right:0px;--awb-border-radius-bottom-right:0px;--awb-border-radius-bottom-left:0px;--awb-margin-top:30px;--awb-flex-wrap:wrap;\" ><div class=\"fusion-builder-row fusion-row fusion-flex-align-items-flex-start fusion-flex-content-wrap\" style=\"max-width:1414.4px;margin-left: calc(-4% \/ 2 );margin-right: calc(-4% \/ 2 );\"><div class=\"fusion-layout-column fusion_builder_column fusion-builder-column-0 fusion_builder_column_1_6 1_6 fusion-flex-column id-21284\" style=\"--awb-bg-size:cover;--awb-width-large:16.666666666667%;--awb-margin-top-large:0px;--awb-spacing-right-large:11.52%;--awb-margin-bottom-large:20px;--awb-spacing-left-large:11.52%;--awb-width-medium:16.666666666667%;--awb-spacing-right-medium:11.52%;--awb-spacing-left-medium:11.52%;--awb-width-small:100%;--awb-spacing-right-small:1.92%;--awb-spacing-left-small:1.92%;\"><div class=\"fusion-column-wrapper fusion-flex-justify-content-flex-start fusion-content-layout-column\"><\/div><\/div><div class=\"fusion-layout-column fusion_builder_column fusion-builder-column-1 fusion_builder_column_2_3 2_3 fusion-flex-column id-21284\" style=\"--awb-bg-size:cover;--awb-width-large:66.666666666667%;--awb-margin-top-large:0px;--awb-spacing-right-large:2.88%;--awb-margin-bottom-large:20px;--awb-spacing-left-large:2.88%;--awb-width-medium:66.666666666667%;--awb-spacing-right-medium:2.88%;--awb-spacing-left-medium:2.88%;--awb-width-small:100%;--awb-spacing-right-small:1.92%;--awb-spacing-left-small:1.92%;\"><div class=\"fusion-column-wrapper fusion-flex-justify-content-flex-start fusion-content-layout-column\"><div class=\"fusion-text fusion-text-1\" style=\"--awb-text-transform:none;\"><p><strong>Utilizzo dei \u201ccookies\u201d<\/strong><\/p>\n<p>I siti web www.visitrijeka.hr utilizzano i cosiddetti \u201ccookies\u201d per aiutare<\/p>\n<p>l\u2019utente e fornire funzionalit\u00e0, servizi e contenuti completi e di qualit\u00e0. I cookies rappresentano un insieme di dati generati dal server web e che il browser web salva sul disco dell\u2019utente come un piccolo file di testo. Cerchiamo continuamente di fornire ai nostri clienti la migliore esperienza utente possibile, quindi \u00e8 importante notare che le nostre pagine web funzionano in modo ottimale solo se i cookies sono abilitati. Per utilizzare i \u201ccookies\u201d in conformit\u00e0 con la legge sulle comunicazioni elettroniche, la legge sulla protezione dei dati personali e le direttive UE abbiamo bisogno del vostro consenso. Utilizzando questo sito web, acconsentirete all\u2019utilizzo dei \u201ccookies\u201d. Bloccando i \u201ccookies\u201d \u00e8 possibile continuare a visualizzare la pagina, ma alcune delle funzionalit\u00e0 non saranno disponibili. Durante la navigazione della pagina vengono creati dei cookies temporanei che vengono scritti sul computer dell\u2019utente del sito web www.ericaturizam.hrsolo per la durata della visita e l\u2019utente quindi permette di servire in modo pi\u00f9 efficace le pagine web www.visitrijeka.hr\u00a0e scadono automaticamente quando si chiude il browser. Informazioni aggiuntive, come il tuo nome o indirizzo e-mail, non verranno salvate: i siti web non potranno accedere alle informazioni che non hai fornito loro e non potranno accedere ad altri file sul tuo computer.<\/p>\n<p><strong>Cookies di servizi esterni<\/strong><\/p>\n<p>Turisti\u010dka zajednica grada Rijeke utilizza i propri cookies sul proprio sito web, consentendo nel contempo a terze parti selezionate di installare i propri cookies sul computer dell\u2019utente. L\u2019Utente che utilizza il sito web acconsente all\u2019utilizzo di cookies e dei servizi esterni. Un esempio di un servizio esterno che serve per ottenere informazioni riguardo alla visibilit\u00e0 e al rendimento del sito web sul mercato \u00e8 Google Analytics. Ulteriori informazioni dettagliate sono disponibili su: <a href=\"https:\/\/www.google.com\/intl\/en\/analytics\/privacyoverview.html\" target=\"_blank\" rel=\"noopener\">Google Analytics.<\/a><\/p>\n<p><strong>Come disabilitare i cookies?<\/strong><\/p>\n<p>Disattivando i \u201ccookies\u201d, decide se consentire o meno la memorizzazione dei cookies sul proprio computer. Le impostazioni dei cookies possono essere controllate e configurate nel browser internet in uso. Avete la possibilit\u00e0 di vietare la ricezione di cookies dal menu Strumenti\/Opzioni (Tools\/Options), siete voi a decidere dal vostro browser internet se attivare o meno questa opzione. Turisti\u010dka zajednica grada Rijeke esclude qualsiasi responsabilit\u00e0 per un eventuale perdita della funzionalit\u00e0 e\/o della qualit\u00e0 del sito web www.visitrijeka.hr per tutti i casi di selezione delle regole per la ricezione dei cookies da parte dell\u2019utente. Si ritiene che gli utenti abbiano sempre familiarit\u00e0 e accettino questi termini di utilizzo e della possibilit\u00e0 di creazione dei cookies.<\/p>\n<\/div><?php\nprint_r($_COOKIE);\n?><\/div><\/div><div class=\"fusion-layout-column fusion_builder_column fusion-builder-column-2 fusion_builder_column_1_6 1_6 fusion-flex-column id-21284\" style=\"--awb-bg-size:cover;--awb-width-large:16.666666666667%;--awb-margin-top-large:0px;--awb-spacing-right-large:11.52%;--awb-margin-bottom-large:20px;--awb-spacing-left-large:11.52%;--awb-width-medium:16.666666666667%;--awb-spacing-right-medium:11.52%;--awb-spacing-left-medium:11.52%;--awb-width-small:100%;--awb-spacing-right-small:1.92%;--awb-spacing-left-small:1.92%;\"><div class=\"fusion-column-wrapper fusion-flex-justify-content-flex-start fusion-content-layout-column\"><\/div><\/div><\/div><\/div>\n","protected":false},"excerpt":{"rendered":"","protected":false},"author":1,"featured_media":19453,"parent":0,"menu_order":0,"comment_status":"closed","ping_status":"closed","template":"","meta":{"_acf_changed":false,"inline_featured_image":false,"footnotes":""},"class_list":["post-21284","page","type-page","status-publish","has-post-thumbnail","hentry"],"acf":[],"yoast_head":"<!-- This site is optimized with the Yoast SEO plugin v26.3 - https:\/\/yoast.com\/wordpress\/plugins\/seo\/ -->\n<title>Modalit\u00e0 di utilizzo dei cookie - Visit Rijeka<\/title>\n<meta name=\"robots\" content=\"index, follow, max-snippet:-1, max-image-preview:large, max-video-preview:-1\" \/>\n<link rel=\"canonical\" href=\"https:\/\/visitrijeka.hr\/it\/modalita-di-utilizzo-dei-cookie\/\" \/>\n<meta property=\"og:locale\" content=\"it_IT\" \/>\n<meta property=\"og:type\" content=\"article\" \/>\n<meta property=\"og:title\" content=\"Modalit\u00e0 di utilizzo dei cookie - Visit Rijeka\" \/>\n<meta property=\"og:url\" content=\"https:\/\/visitrijeka.hr\/it\/modalita-di-utilizzo-dei-cookie\/\" \/>\n<meta property=\"og:site_name\" content=\"Visit Rijeka\" \/>\n<meta property=\"article:publisher\" content=\"https:\/\/www.facebook.com\/VisitRijeka\" \/>\n<meta property=\"article:modified_time\" content=\"2023-06-11T18:57:32+00:00\" \/>\n<meta property=\"og:image\" content=\"https:\/\/visitrijeka.hr\/wp-content\/uploads\/2023\/05\/Grad-rijekaa.jpg\" \/>\n\t<meta property=\"og:image:width\" content=\"1920\" \/>\n\t<meta property=\"og:image:height\" content=\"787\" \/>\n\t<meta property=\"og:image:type\" content=\"image\/jpeg\" \/>\n<meta name=\"twitter:card\" content=\"summary_large_image\" \/>\n<meta name=\"twitter:label1\" content=\"Tempo di lettura stimato\" \/>\n\t<meta name=\"twitter:data1\" content=\"6 minuti\" \/>\n<script type=\"application\/ld+json\" class=\"yoast-schema-graph\">{\"@context\":\"https:\/\/schema.org\",\"@graph\":[{\"@type\":\"WebPage\",\"@id\":\"https:\/\/visitrijeka.hr\/it\/modalita-di-utilizzo-dei-cookie\/\",\"url\":\"https:\/\/visitrijeka.hr\/it\/modalita-di-utilizzo-dei-cookie\/\",\"name\":\"Modalit\u00e0 di utilizzo dei cookie - Visit Rijeka\",\"isPartOf\":{\"@id\":\"https:\/\/visitrijeka.hr\/it\/#website\"},\"primaryImageOfPage\":{\"@id\":\"https:\/\/visitrijeka.hr\/it\/modalita-di-utilizzo-dei-cookie\/#primaryimage\"},\"image\":{\"@id\":\"https:\/\/visitrijeka.hr\/it\/modalita-di-utilizzo-dei-cookie\/#primaryimage\"},\"thumbnailUrl\":\"https:\/\/visitrijeka.hr\/wp-content\/uploads\/2023\/05\/Grad-rijekaa.jpg\",\"datePublished\":\"2021-03-13T06:20:16+00:00\",\"dateModified\":\"2023-06-11T18:57:32+00:00\",\"breadcrumb\":{\"@id\":\"https:\/\/visitrijeka.hr\/it\/modalita-di-utilizzo-dei-cookie\/#breadcrumb\"},\"inLanguage\":\"it-IT\",\"potentialAction\":[{\"@type\":\"ReadAction\",\"target\":[\"https:\/\/visitrijeka.hr\/it\/modalita-di-utilizzo-dei-cookie\/\"]}]},{\"@type\":\"ImageObject\",\"inLanguage\":\"it-IT\",\"@id\":\"https:\/\/visitrijeka.hr\/it\/modalita-di-utilizzo-dei-cookie\/#primaryimage\",\"url\":\"https:\/\/visitrijeka.hr\/wp-content\/uploads\/2023\/05\/Grad-rijekaa.jpg\",\"contentUrl\":\"https:\/\/visitrijeka.hr\/wp-content\/uploads\/2023\/05\/Grad-rijekaa.jpg\",\"width\":1920,\"height\":787,\"caption\":\"Grad Rijeka - ociscena slika\"},{\"@type\":\"WebSite\",\"@id\":\"https:\/\/visitrijeka.hr\/it\/#website\",\"url\":\"https:\/\/visitrijeka.hr\/it\/\",\"name\":\"Visit Rijeka\",\"description\":\"Grad koji te\u010de....\",\"publisher\":{\"@id\":\"https:\/\/visitrijeka.hr\/it\/#organization\"},\"potentialAction\":[{\"@type\":\"SearchAction\",\"target\":{\"@type\":\"EntryPoint\",\"urlTemplate\":\"https:\/\/visitrijeka.hr\/it\/?s={search_term_string}\"},\"query-input\":{\"@type\":\"PropertyValueSpecification\",\"valueRequired\":true,\"valueName\":\"search_term_string\"}}],\"inLanguage\":\"it-IT\"},{\"@type\":\"Organization\",\"@id\":\"https:\/\/visitrijeka.hr\/it\/#organization\",\"name\":\"Visit Rijeka\",\"url\":\"https:\/\/visitrijeka.hr\/it\/\",\"logo\":{\"@type\":\"ImageObject\",\"inLanguage\":\"it-IT\",\"@id\":\"https:\/\/visitrijeka.hr\/it\/#\/schema\/logo\/image\/\",\"url\":\"https:\/\/visitrijeka.hr\/wp-content\/uploads\/2023\/02\/Logo_Visit_rijeka_460.svg\",\"contentUrl\":\"https:\/\/visitrijeka.hr\/wp-content\/uploads\/2023\/02\/Logo_Visit_rijeka_460.svg\",\"width\":100,\"height\":100,\"caption\":\"Visit Rijeka\"},\"image\":{\"@id\":\"https:\/\/visitrijeka.hr\/it\/#\/schema\/logo\/image\/\"},\"sameAs\":[\"https:\/\/www.facebook.com\/VisitRijeka\"]}]}<\/script>\n<!-- \/ Yoast SEO plugin. -->","yoast_head_json":{"title":"Modalit\u00e0 di utilizzo dei cookie - Visit Rijeka","robots":{"index":"index","follow":"follow","max-snippet":"max-snippet:-1","max-image-preview":"max-image-preview:large","max-video-preview":"max-video-preview:-1"},"canonical":"https:\/\/visitrijeka.hr\/it\/modalita-di-utilizzo-dei-cookie\/","og_locale":"it_IT","og_type":"article","og_title":"Modalit\u00e0 di utilizzo dei cookie - Visit Rijeka","og_url":"https:\/\/visitrijeka.hr\/it\/modalita-di-utilizzo-dei-cookie\/","og_site_name":"Visit Rijeka","article_publisher":"https:\/\/www.facebook.com\/VisitRijeka","article_modified_time":"2023-06-11T18:57:32+00:00","og_image":[{"width":1920,"height":787,"url":"https:\/\/visitrijeka.hr\/wp-content\/uploads\/2023\/05\/Grad-rijekaa.jpg","type":"image\/jpeg"}],"twitter_card":"summary_large_image","twitter_misc":{"Tempo di lettura stimato":"6 minuti"},"schema":{"@context":"https:\/\/schema.org","@graph":[{"@type":"WebPage","@id":"https:\/\/visitrijeka.hr\/it\/modalita-di-utilizzo-dei-cookie\/","url":"https:\/\/visitrijeka.hr\/it\/modalita-di-utilizzo-dei-cookie\/","name":"Modalit\u00e0 di utilizzo dei cookie - Visit Rijeka","isPartOf":{"@id":"https:\/\/visitrijeka.hr\/it\/#website"},"primaryImageOfPage":{"@id":"https:\/\/visitrijeka.hr\/it\/modalita-di-utilizzo-dei-cookie\/#primaryimage"},"image":{"@id":"https:\/\/visitrijeka.hr\/it\/modalita-di-utilizzo-dei-cookie\/#primaryimage"},"thumbnailUrl":"https:\/\/visitrijeka.hr\/wp-content\/uploads\/2023\/05\/Grad-rijekaa.jpg","datePublished":"2021-03-13T06:20:16+00:00","dateModified":"2023-06-11T18:57:32+00:00","breadcrumb":{"@id":"https:\/\/visitrijeka.hr\/it\/modalita-di-utilizzo-dei-cookie\/#breadcrumb"},"inLanguage":"it-IT","potentialAction":[{"@type":"ReadAction","target":["https:\/\/visitrijeka.hr\/it\/modalita-di-utilizzo-dei-cookie\/"]}]},{"@type":"ImageObject","inLanguage":"it-IT","@id":"https:\/\/visitrijeka.hr\/it\/modalita-di-utilizzo-dei-cookie\/#primaryimage","url":"https:\/\/visitrijeka.hr\/wp-content\/uploads\/2023\/05\/Grad-rijekaa.jpg","contentUrl":"https:\/\/visitrijeka.hr\/wp-content\/uploads\/2023\/05\/Grad-rijekaa.jpg","width":1920,"height":787,"caption":"Grad Rijeka - ociscena slika"},{"@type":"WebSite","@id":"https:\/\/visitrijeka.hr\/it\/#website","url":"https:\/\/visitrijeka.hr\/it\/","name":"Visit Rijeka","description":"Grad koji te\u010de....","publisher":{"@id":"https:\/\/visitrijeka.hr\/it\/#organization"},"potentialAction":[{"@type":"SearchAction","target":{"@type":"EntryPoint","urlTemplate":"https:\/\/visitrijeka.hr\/it\/?s={search_term_string}"},"query-input":{"@type":"PropertyValueSpecification","valueRequired":true,"valueName":"search_term_string"}}],"inLanguage":"it-IT"},{"@type":"Organization","@id":"https:\/\/visitrijeka.hr\/it\/#organization","name":"Visit Rijeka","url":"https:\/\/visitrijeka.hr\/it\/","logo":{"@type":"ImageObject","inLanguage":"it-IT","@id":"https:\/\/visitrijeka.hr\/it\/#\/schema\/logo\/image\/","url":"https:\/\/visitrijeka.hr\/wp-content\/uploads\/2023\/02\/Logo_Visit_rijeka_460.svg","contentUrl":"https:\/\/visitrijeka.hr\/wp-content\/uploads\/2023\/02\/Logo_Visit_rijeka_460.svg","width":100,"height":100,"caption":"Visit Rijeka"},"image":{"@id":"https:\/\/visitrijeka.hr\/it\/#\/schema\/logo\/image\/"},"sameAs":["https:\/\/www.facebook.com\/VisitRijeka"]}]}},"_links":{"self":[{"href":"https:\/\/visitrijeka.hr\/it\/wp-json\/wp\/v2\/pages\/21284","targetHints":{"allow":["GET"]}}],"collection":[{"href":"https:\/\/visitrijeka.hr\/it\/wp-json\/wp\/v2\/pages"}],"about":[{"href":"https:\/\/visitrijeka.hr\/it\/wp-json\/wp\/v2\/types\/page"}],"author":[{"embeddable":true,"href":"https:\/\/visitrijeka.hr\/it\/wp-json\/wp\/v2\/users\/1"}],"replies":[{"embeddable":true,"href":"https:\/\/visitrijeka.hr\/it\/wp-json\/wp\/v2\/comments?post=21284"}],"version-history":[{"count":0,"href":"https:\/\/visitrijeka.hr\/it\/wp-json\/wp\/v2\/pages\/21284\/revisions"}],"wp:featuredmedia":[{"embeddable":true,"href":"https:\/\/visitrijeka.hr\/it\/wp-json\/wp\/v2\/media\/19453"}],"wp:attachment":[{"href":"https:\/\/visitrijeka.hr\/it\/wp-json\/wp\/v2\/media?parent=21284"}],"curies":[{"name":"wp","href":"https:\/\/api.w.org\/{rel}","templated":true}]}}