{"id":87536,"date":"2025-06-18T14:07:32","date_gmt":"2025-06-18T12:07:32","guid":{"rendered":"https:\/\/visitrijeka.hr\/ulaz-na-trsatski-kastel\/"},"modified":"2025-10-15T09:54:24","modified_gmt":"2025-10-15T07:54:24","slug":"lentree-au-chateau","status":"publish","type":"page","link":"https:\/\/visitrijeka.hr\/fr\/lentree-au-chateau\/","title":{"rendered":"L&rsquo;entr\u00e9e au ch\u00e2teau"},"content":{"rendered":"<p><div class=\"fusion-fullwidth fullwidth-box fusion-builder-row-1 fusion-flex-container has-pattern-background has-mask-background fusion-parallax-none nonhundred-percent-fullwidth non-hundred-percent-height-scrolling lazyload\" style=\"--awb-border-radius-top-left:0px;--awb-border-radius-top-right:0px;--awb-border-radius-bottom-right:0px;--awb-border-radius-bottom-left:0px;--awb-padding-top:120px;--awb-padding-bottom:120px;--awb-padding-top-small:100px;--awb-padding-bottom-small:100px;--awb-background-image:radial-gradient(circle at left top, hsla(var(--awb-color8-h),var(--awb-color8-s),var(--awb-color8-l),calc(var(--awb-color8-a) - 50%)) 39%,hsla(var(--awb-color8-h),var(--awb-color8-s),var(--awb-color8-l),calc(var(--awb-color8-a) - 75%)) 49%);;--awb-background-size:cover;--awb-flex-wrap:wrap;\" data-bg=\"https:\/\/visitrijeka.hr\/wp-content\/uploads\/2025\/04\/IMG_2879.jpg\" data-bg-gradient=\"radial-gradient(circle at left top, hsla(var(--awb-color8-h),var(--awb-color8-s),var(--awb-color8-l),calc(var(--awb-color8-a) - 50%)) 39%,hsla(var(--awb-color8-h),var(--awb-color8-s),var(--awb-color8-l),calc(var(--awb-color8-a) - 75%)) 49%)\" ><div class=\"fusion-builder-row fusion-row fusion-flex-align-items-center fusion-flex-content-wrap\" style=\"max-width:1414.4px;margin-left: calc(-4% \/ 2 );margin-right: calc(-4% \/ 2 );\"><div class=\"fusion-layout-column fusion_builder_column fusion-builder-column-0 fusion_builder_column_3_5 3_5 fusion-flex-column fusion-animated id-87536\" style=\"--awb-bg-size:cover;--awb-width-large:60%;--awb-margin-top-large:0px;--awb-spacing-right-large:3.2%;--awb-margin-bottom-large:0px;--awb-spacing-left-large:3.2%;--awb-width-medium:60%;--awb-order-medium:0;--awb-spacing-right-medium:3.2%;--awb-spacing-left-medium:3.2%;--awb-width-small:100%;--awb-order-small:0;--awb-spacing-right-small:1.92%;--awb-margin-bottom-small:50px;--awb-spacing-left-small:1.92%;\" data-animationType=\"fadeInLeft\" data-animationDuration=\"1.2\" data-animationOffset=\"top-into-view\" data-scroll-devices=\"small-visibility,medium-visibility,large-visibility\"><div class=\"fusion-column-wrapper fusion-column-has-shadow fusion-flex-justify-content-flex-start fusion-content-layout-column\"><div class=\"fusion-separator fusion-no-small-visibility fusion-no-medium-visibility fusion-full-width-sep\" style=\"align-self: center;margin-left: auto;margin-right: auto;margin-top:50px;width:100%;\"><\/div><div class=\"fusion-title title fusion-title-1 fusion-sep-none fusion-title-text fusion-title-size-one\" style=\"--awb-text-color:var(--awb-color1);--awb-margin-bottom:0px;--awb-font-size:70px;\"><h1 class=\"fusion-title-heading title-heading-left\" style=\"font-family:&quot;SSP-Bold-700&quot;;font-style:normal;font-weight:400;margin:0;font-size:1em;line-height:1;\">L&rsquo;entr\u00e9e au ch\u00e2teau<\/h1><\/div><div class=\"fusion-separator fusion-no-small-visibility fusion-no-medium-visibility fusion-full-width-sep\" style=\"align-self: center;margin-left: auto;margin-right: auto;margin-top:100px;width:100%;\"><\/div><\/div><\/div><div class=\"fusion-layout-column fusion_builder_column fusion-builder-column-1 fusion_builder_column_2_5 2_5 fusion-flex-column fusion-animated id-87536\" style=\"--awb-bg-size:cover;--awb-width-large:40%;--awb-margin-top-large:0px;--awb-spacing-right-large:4.8%;--awb-margin-bottom-large:0px;--awb-spacing-left-large:4.8%;--awb-width-medium:40%;--awb-order-medium:0;--awb-spacing-right-medium:4.8%;--awb-spacing-left-medium:4.8%;--awb-width-small:100%;--awb-order-small:0;--awb-spacing-right-small:1.92%;--awb-spacing-left-small:1.92%;\" data-animationType=\"fadeIn\" data-animationDuration=\"0.8\" data-animationOffset=\"top-into-view\"><div class=\"fusion-column-wrapper fusion-column-has-shadow fusion-flex-justify-content-flex-start fusion-content-layout-column\"><\/div><\/div><\/div><\/div><div class=\"fusion-fullwidth fullwidth-box fusion-builder-row-2 fusion-flex-container has-pattern-background has-mask-background nonhundred-percent-fullwidth non-hundred-percent-height-scrolling\" style=\"--awb-border-radius-top-left:0px;--awb-border-radius-top-right:0px;--awb-border-radius-bottom-right:0px;--awb-border-radius-bottom-left:0px;--awb-padding-top:10px;--awb-margin-top:50px;--awb-margin-top-small:-10px;--awb-flex-wrap:wrap;\" ><div class=\"fusion-builder-row fusion-row fusion-flex-align-items-flex-start fusion-flex-content-wrap\" style=\"max-width:1414.4px;margin-left: calc(-4% \/ 2 );margin-right: calc(-4% \/ 2 );\"><div class=\"fusion-layout-column fusion_builder_column fusion-builder-column-2 fusion_builder_column_1_1 1_1 fusion-flex-column cjenik-trsatskikastel-opis id-87536\" style=\"--awb-bg-size:cover;--awb-width-large:100%;--awb-margin-top-large:0px;--awb-spacing-right-large:1.92%;--awb-margin-bottom-large:20px;--awb-spacing-left-large:1.92%;--awb-width-medium:100%;--awb-order-medium:0;--awb-spacing-right-medium:1.92%;--awb-spacing-left-medium:1.92%;--awb-width-small:100%;--awb-order-small:2;--awb-margin-top-small:30px;--awb-spacing-right-small:1.92%;--awb-spacing-left-small:1.92%;\" data-scroll-devices=\"small-visibility,medium-visibility,large-visibility\"><div class=\"fusion-column-wrapper fusion-column-has-shadow fusion-flex-justify-content-flex-start fusion-content-layout-column\"><div class=\"fusion-text fusion-text-1\" style=\"--awb-content-alignment:justify;--awb-font-size:18px;--awb-text-color:var(--awb-color8);--awb-margin-top:5px;--awb-text-font-family:&quot;SSP-Regular-400&quot;;--awb-text-font-style:normal;--awb-text-font-weight:400;\"><p>\u00c0 partir du 15 octobre, l\u2019entr\u00e9e au ch\u00e2teau de Trsat sera payante du lundi au dimanche, de 9h \u00e0 17h, ce qui correspond \u00e9galement aux horaires du Point Info et du Centre d\u2019interpr\u00e9tation \u00ab\u00a0Sur les traces des Frankopan\u00a0\u00bb.<\/p>\n<p>Les tarifs des billets pour une visite de jour au ch\u00e2teau de Trsat, du 1er avril au 30 septembre, sont les suivants : 3,00 \u20ac pour les adultes et 1,50 \u20ac pour les retrait\u00e9s, les \u00e9tudiants et les enfants de 7 \u00e0 18 ans. Le billet familial, qui comprend deux adultes et deux enfants de plus de sept ans, co\u00fbte 8,00 \u20ac. L\u2019entr\u00e9e est gratuite pour les personnes en situation de handicap, les enfants de moins de sept ans, ainsi que pour les habitants de Rijeka et de Comt\u00e9 de Primorje-Gorski Kotar. En outre, les groupes de 15 personnes ou plus b\u00e9n\u00e9ficient d\u2019une r\u00e9duction de 10 %.<\/p>\n<p>Pendant la p\u00e9riode du 1er octobre au 31 mars, le prix du billet est de 2,00 \u20ac pour les adultes et de 0,50 \u20ac pour les \u00e9tudiants, retrait\u00e9s et enfants de 7 \u00e0 18 ans. Le billet familial pendant cette p\u00e9riode co\u00fbte 4,50 \u20ac.<\/p>\n<\/div><\/div><\/div><\/div><\/div><div class=\"fusion-fullwidth fullwidth-box fusion-builder-row-3 fusion-flex-container has-pattern-background has-mask-background nonhundred-percent-fullwidth non-hundred-percent-height-scrolling\" style=\"--awb-border-radius-top-left:0px;--awb-border-radius-top-right:0px;--awb-border-radius-bottom-right:0px;--awb-border-radius-bottom-left:0px;--awb-padding-bottom:40px;--awb-flex-wrap:wrap;\" ><div class=\"fusion-builder-row fusion-row fusion-flex-align-items-flex-start fusion-flex-content-wrap\" style=\"max-width:1414.4px;margin-left: calc(-4% \/ 2 );margin-right: calc(-4% \/ 2 );\"><div class=\"fusion-layout-column fusion_builder_column fusion-builder-column-3 fusion_builder_column_1_1 1_1 fusion-flex-column id-87536\" style=\"--awb-bg-size:cover;--awb-width-large:100%;--awb-margin-top-large:0px;--awb-spacing-right-large:1.92%;--awb-margin-bottom-large:20px;--awb-spacing-left-large:1.92%;--awb-width-medium:100%;--awb-order-medium:0;--awb-spacing-right-medium:1.92%;--awb-spacing-left-medium:1.92%;--awb-width-small:100%;--awb-order-small:0;--awb-spacing-right-small:1.92%;--awb-spacing-left-small:1.92%;\"><div class=\"fusion-column-wrapper fusion-column-has-shadow fusion-flex-justify-content-flex-start fusion-content-layout-column\"><div class=\"fusion-title title fusion-title-2 fusion-sep-none fusion-title-center fusion-title-text fusion-title-size-two\"><h2 class=\"fusion-title-heading title-heading-center\" style=\"margin:0;\">Tarifs d&rsquo;entr\u00e9e<\/h2><\/div><div class=\"fusion-text fusion-text-2 cjenik-trsatskikastel\"><p><span style=\"color: #ffffff;\">.<\/span><\/p>\n<table class=\"responsive-table\">\n<thead>\n<tr>\n<th>Cat\u00e9gorie de visiteurs<\/th>\n<th>1 oct \u2013 31 mars<\/th>\n<th>1 avr \u2013 30 sept<\/th>\n<\/tr>\n<\/thead>\n<tbody>\n<tr>\n<td data-label=\"Kategorija posjetitelja\">Adultes<\/td>\n<td data-label=\"1.10.\u201331.03.\">2,00\u202f\u20ac<\/td>\n<td data-label=\"1.04.\u201330.09.\">3,00\u202f\u20ac<\/td>\n<\/tr>\n<tr>\n<td data-label=\"Kategorija posjetitelja\">Retrait\u00e9s, \u00e9tudiants, enfants (7\u201318 ans)<\/td>\n<td data-label=\"1.10.\u201331.03.\">0,50\u202f\u20ac<\/td>\n<td data-label=\"1.04.\u201330.09.\">1,50\u202f\u20ac<\/td>\n<\/tr>\n<tr>\n<td data-label=\"Kategorija posjetitelja\">Billet familial (2 adultes + 2 enfants de 7+ ans)<\/td>\n<td data-label=\"1.10.\u201331.03.\">4,50\u202f\u20ac<\/td>\n<td data-label=\"1.04.\u201330.09.\">8,00\u202f\u20ac<\/td>\n<\/tr>\n<tr>\n<td data-label=\"Kategorija posjetitelja\">Enfants de moins de 7 ans, personnes handicap\u00e9es, citoyens de Rijeka<br \/>\nGratuit et de Comt\u00e9 de Primorje-Gorski Kotar<\/td>\n<td data-label=\"1.10.\u201331.03.\">Gratuit<\/td>\n<td data-label=\"1.04.\u201330.09.\">Gratuit<\/td>\n<\/tr>\n<tr>\n<td data-label=\"Kategorija posjetitelja\">Groupes (15+ personnes)<\/td>\n<td data-label=\"1.10.\u201331.03.\">10\u202f% de r\u00e9duction<\/td>\n<td data-label=\"1.04.\u201330.09.\">10\u202f% de r\u00e9duction<\/td>\n<\/tr>\n<\/tbody>\n<\/table>\n<div class=\"info-text\"><span class=\"title\">Horaires et entr\u00e9e<\/span><\/div>\n<div class=\"info-text\"><span class=\"tekst\">Vente des billets &amp; point info : 9 h &#8211; 17 h<br \/>\nEntr\u00e9e gratuite pour tous les visiteurs : Apr\u00e8s 17 h<\/span><\/div>\n<\/div><\/div><\/div><\/div><\/div><\/p>\n","protected":false},"excerpt":{"rendered":"","protected":false},"author":1,"featured_media":0,"parent":0,"menu_order":0,"comment_status":"closed","ping_status":"closed","template":"100-width.php","meta":{"_acf_changed":false,"inline_featured_image":false,"footnotes":""},"class_list":["post-87536","page","type-page","status-publish","hentry"],"acf":[],"yoast_head":"<!-- This site is optimized with the Yoast SEO plugin v26.3 - https:\/\/yoast.com\/wordpress\/plugins\/seo\/ -->\n<title>L&#039;entr\u00e9e au ch\u00e2teau - Visit Rijeka<\/title>\n<meta name=\"description\" content=\"\u201eLjeto na Gradini&quot; je kulturno-zabavna manifestacija u organizaciji TZ grada Rijeke koja svako ljeto o\u017eivljava prostor Trsatskog ka\u0161tela.\" \/>\n<meta name=\"robots\" content=\"index, follow, max-snippet:-1, max-image-preview:large, max-video-preview:-1\" \/>\n<link rel=\"canonical\" href=\"https:\/\/visitrijeka.hr\/fr\/lentree-au-chateau\/\" \/>\n<meta property=\"og:locale\" content=\"fr_FR\" \/>\n<meta property=\"og:type\" content=\"article\" \/>\n<meta property=\"og:title\" content=\"L&#039;entr\u00e9e au ch\u00e2teau - Visit Rijeka\" \/>\n<meta property=\"og:description\" content=\"\u201eLjeto na Gradini&quot; je kulturno-zabavna manifestacija u organizaciji TZ grada Rijeke koja svako ljeto o\u017eivljava prostor Trsatskog ka\u0161tela.\" \/>\n<meta property=\"og:url\" content=\"https:\/\/visitrijeka.hr\/fr\/lentree-au-chateau\/\" \/>\n<meta property=\"og:site_name\" content=\"Visit Rijeka\" \/>\n<meta property=\"article:publisher\" content=\"https:\/\/www.facebook.com\/VisitRijeka\" \/>\n<meta property=\"article:modified_time\" content=\"2025-10-15T07:54:24+00:00\" \/>\n<meta name=\"twitter:card\" content=\"summary_large_image\" \/>\n<meta name=\"twitter:label1\" content=\"Dur\u00e9e de lecture estim\u00e9e\" \/>\n\t<meta name=\"twitter:data1\" content=\"2 minutes\" \/>\n<script type=\"application\/ld+json\" class=\"yoast-schema-graph\">{\"@context\":\"https:\/\/schema.org\",\"@graph\":[{\"@type\":\"WebPage\",\"@id\":\"https:\/\/visitrijeka.hr\/fr\/lentree-au-chateau\/\",\"url\":\"https:\/\/visitrijeka.hr\/fr\/lentree-au-chateau\/\",\"name\":\"L'entr\u00e9e au ch\u00e2teau - Visit Rijeka\",\"isPartOf\":{\"@id\":\"https:\/\/visitrijeka.hr\/fr\/#website\"},\"datePublished\":\"2025-06-18T12:07:32+00:00\",\"dateModified\":\"2025-10-15T07:54:24+00:00\",\"description\":\"\u201eLjeto na Gradini\\\" je kulturno-zabavna manifestacija u organizaciji TZ grada Rijeke koja svako ljeto o\u017eivljava prostor Trsatskog ka\u0161tela.\",\"breadcrumb\":{\"@id\":\"https:\/\/visitrijeka.hr\/fr\/lentree-au-chateau\/#breadcrumb\"},\"inLanguage\":\"fr-FR\",\"potentialAction\":[{\"@type\":\"ReadAction\",\"target\":[\"https:\/\/visitrijeka.hr\/fr\/lentree-au-chateau\/\"]}]},{\"@type\":\"WebSite\",\"@id\":\"https:\/\/visitrijeka.hr\/fr\/#website\",\"url\":\"https:\/\/visitrijeka.hr\/fr\/\",\"name\":\"Visit Rijeka\",\"description\":\"Grad koji te\u010de....\",\"publisher\":{\"@id\":\"https:\/\/visitrijeka.hr\/fr\/#organization\"},\"potentialAction\":[{\"@type\":\"SearchAction\",\"target\":{\"@type\":\"EntryPoint\",\"urlTemplate\":\"https:\/\/visitrijeka.hr\/fr\/?s={search_term_string}\"},\"query-input\":{\"@type\":\"PropertyValueSpecification\",\"valueRequired\":true,\"valueName\":\"search_term_string\"}}],\"inLanguage\":\"fr-FR\"},{\"@type\":\"Organization\",\"@id\":\"https:\/\/visitrijeka.hr\/fr\/#organization\",\"name\":\"Visit Rijeka\",\"url\":\"https:\/\/visitrijeka.hr\/fr\/\",\"logo\":{\"@type\":\"ImageObject\",\"inLanguage\":\"fr-FR\",\"@id\":\"https:\/\/visitrijeka.hr\/fr\/#\/schema\/logo\/image\/\",\"url\":\"https:\/\/visitrijeka.hr\/wp-content\/uploads\/2023\/02\/Logo_Visit_rijeka_460.svg\",\"contentUrl\":\"https:\/\/visitrijeka.hr\/wp-content\/uploads\/2023\/02\/Logo_Visit_rijeka_460.svg\",\"width\":100,\"height\":100,\"caption\":\"Visit Rijeka\"},\"image\":{\"@id\":\"https:\/\/visitrijeka.hr\/fr\/#\/schema\/logo\/image\/\"},\"sameAs\":[\"https:\/\/www.facebook.com\/VisitRijeka\"]}]}<\/script>\n<!-- \/ Yoast SEO plugin. -->","yoast_head_json":{"title":"L'entr\u00e9e au ch\u00e2teau - Visit Rijeka","description":"\u201eLjeto na Gradini\" je kulturno-zabavna manifestacija u organizaciji TZ grada Rijeke koja svako ljeto o\u017eivljava prostor Trsatskog ka\u0161tela.","robots":{"index":"index","follow":"follow","max-snippet":"max-snippet:-1","max-image-preview":"max-image-preview:large","max-video-preview":"max-video-preview:-1"},"canonical":"https:\/\/visitrijeka.hr\/fr\/lentree-au-chateau\/","og_locale":"fr_FR","og_type":"article","og_title":"L'entr\u00e9e au ch\u00e2teau - Visit Rijeka","og_description":"\u201eLjeto na Gradini\" je kulturno-zabavna manifestacija u organizaciji TZ grada Rijeke koja svako ljeto o\u017eivljava prostor Trsatskog ka\u0161tela.","og_url":"https:\/\/visitrijeka.hr\/fr\/lentree-au-chateau\/","og_site_name":"Visit Rijeka","article_publisher":"https:\/\/www.facebook.com\/VisitRijeka","article_modified_time":"2025-10-15T07:54:24+00:00","twitter_card":"summary_large_image","twitter_misc":{"Dur\u00e9e de lecture estim\u00e9e":"2 minutes"},"schema":{"@context":"https:\/\/schema.org","@graph":[{"@type":"WebPage","@id":"https:\/\/visitrijeka.hr\/fr\/lentree-au-chateau\/","url":"https:\/\/visitrijeka.hr\/fr\/lentree-au-chateau\/","name":"L'entr\u00e9e au ch\u00e2teau - Visit Rijeka","isPartOf":{"@id":"https:\/\/visitrijeka.hr\/fr\/#website"},"datePublished":"2025-06-18T12:07:32+00:00","dateModified":"2025-10-15T07:54:24+00:00","description":"\u201eLjeto na Gradini\" je kulturno-zabavna manifestacija u organizaciji TZ grada Rijeke koja svako ljeto o\u017eivljava prostor Trsatskog ka\u0161tela.","breadcrumb":{"@id":"https:\/\/visitrijeka.hr\/fr\/lentree-au-chateau\/#breadcrumb"},"inLanguage":"fr-FR","potentialAction":[{"@type":"ReadAction","target":["https:\/\/visitrijeka.hr\/fr\/lentree-au-chateau\/"]}]},{"@type":"WebSite","@id":"https:\/\/visitrijeka.hr\/fr\/#website","url":"https:\/\/visitrijeka.hr\/fr\/","name":"Visit Rijeka","description":"Grad koji te\u010de....","publisher":{"@id":"https:\/\/visitrijeka.hr\/fr\/#organization"},"potentialAction":[{"@type":"SearchAction","target":{"@type":"EntryPoint","urlTemplate":"https:\/\/visitrijeka.hr\/fr\/?s={search_term_string}"},"query-input":{"@type":"PropertyValueSpecification","valueRequired":true,"valueName":"search_term_string"}}],"inLanguage":"fr-FR"},{"@type":"Organization","@id":"https:\/\/visitrijeka.hr\/fr\/#organization","name":"Visit Rijeka","url":"https:\/\/visitrijeka.hr\/fr\/","logo":{"@type":"ImageObject","inLanguage":"fr-FR","@id":"https:\/\/visitrijeka.hr\/fr\/#\/schema\/logo\/image\/","url":"https:\/\/visitrijeka.hr\/wp-content\/uploads\/2023\/02\/Logo_Visit_rijeka_460.svg","contentUrl":"https:\/\/visitrijeka.hr\/wp-content\/uploads\/2023\/02\/Logo_Visit_rijeka_460.svg","width":100,"height":100,"caption":"Visit Rijeka"},"image":{"@id":"https:\/\/visitrijeka.hr\/fr\/#\/schema\/logo\/image\/"},"sameAs":["https:\/\/www.facebook.com\/VisitRijeka"]}]}},"_links":{"self":[{"href":"https:\/\/visitrijeka.hr\/fr\/wp-json\/wp\/v2\/pages\/87536","targetHints":{"allow":["GET"]}}],"collection":[{"href":"https:\/\/visitrijeka.hr\/fr\/wp-json\/wp\/v2\/pages"}],"about":[{"href":"https:\/\/visitrijeka.hr\/fr\/wp-json\/wp\/v2\/types\/page"}],"author":[{"embeddable":true,"href":"https:\/\/visitrijeka.hr\/fr\/wp-json\/wp\/v2\/users\/1"}],"replies":[{"embeddable":true,"href":"https:\/\/visitrijeka.hr\/fr\/wp-json\/wp\/v2\/comments?post=87536"}],"version-history":[{"count":0,"href":"https:\/\/visitrijeka.hr\/fr\/wp-json\/wp\/v2\/pages\/87536\/revisions"}],"wp:attachment":[{"href":"https:\/\/visitrijeka.hr\/fr\/wp-json\/wp\/v2\/media?parent=87536"}],"curies":[{"name":"wp","href":"https:\/\/api.w.org\/{rel}","templated":true}]}}