{"id":29118,"date":"2023-06-09T08:26:50","date_gmt":"2023-06-09T06:26:50","guid":{"rendered":"https:\/\/visitrijeka.hr\/advent-u-rijeci\/"},"modified":"2025-10-29T10:44:21","modified_gmt":"2025-10-29T09:44:21","slug":"avent-a-rijeka","status":"publish","type":"page","link":"https:\/\/visitrijeka.hr\/fr\/avent-a-rijeka\/","title":{"rendered":"Avent \u00e0 Rijeka"},"content":{"rendered":"<p><div class=\"fusion-fullwidth fullwidth-box fusion-builder-row-1 fusion-flex-container has-pattern-background has-mask-background nonhundred-percent-fullwidth non-hundred-percent-height-scrolling\" style=\"--awb-border-radius-top-left:0px;--awb-border-radius-top-right:0px;--awb-border-radius-bottom-right:0px;--awb-border-radius-bottom-left:0px;--awb-padding-bottom:0px;--awb-padding-top-small:-30px;--awb-margin-top:0px;--awb-margin-bottom:0px;--awb-flex-wrap:wrap;\" ><div class=\"fusion-builder-row fusion-row fusion-flex-align-items-flex-start fusion-flex-content-wrap\" style=\"max-width:1414.4px;margin-left: calc(-4% \/ 2 );margin-right: calc(-4% \/ 2 );\"><div class=\"fusion-layout-column fusion_builder_column fusion-builder-column-0 fusion_builder_column_3_4 3_4 fusion-flex-column id-29118\" style=\"--awb-bg-size:cover;--awb-width-large:75%;--awb-margin-top-large:0px;--awb-spacing-right-large:2.56%;--awb-margin-bottom-large:20px;--awb-spacing-left-large:2.56%;--awb-width-medium:75%;--awb-order-medium:0;--awb-spacing-right-medium:2.56%;--awb-spacing-left-medium:2.56%;--awb-width-small:100%;--awb-order-small:1;--awb-spacing-right-small:1.92%;--awb-spacing-left-small:1.92%;\" data-scroll-devices=\"small-visibility,medium-visibility,large-visibility\"><div class=\"fusion-column-wrapper fusion-column-has-shadow fusion-flex-justify-content-flex-start fusion-content-layout-column\"><\/div><\/div><div class=\"fusion-layout-column fusion_builder_column fusion-builder-column-1 fusion_builder_column_1_4 1_4 fusion-flex-column fusion-flex-align-self-flex-start id-29118\" style=\"--awb-padding-right-small:30px;--awb-padding-left-small:30px;--awb-bg-size:cover;--awb-width-large:25%;--awb-margin-top-large:-30px;--awb-spacing-right-large:0px;--awb-margin-bottom-large:20px;--awb-spacing-left-large:0px;--awb-width-medium:25%;--awb-order-medium:0;--awb-spacing-right-medium:0px;--awb-spacing-left-medium:0px;--awb-width-small:100%;--awb-order-small:0;--awb-margin-top-small:-10px;--awb-spacing-right-small:1.92%;--awb-spacing-left-small:1.92%;\" data-scroll-devices=\"small-visibility,medium-visibility,large-visibility\"><div class=\"fusion-column-wrapper fusion-column-has-shadow fusion-flex-justify-content-flex-start fusion-content-layout-column\"><div class=\"fusion-text fusion-text-1\">     <ul style=\"--awb-size:20px;--awb-margin-top:0px;--awb-margin-right:0px;--awb-margin-bottom:0px;--awb-margin-left:0px;--awb-item-padding-top:0px;--awb-item-padding-right:0px;--awb-item-padding-bottom:0px;--awb-item-padding-left:0px;--awb-line-height:34px;--awb-icon-width:34px;--awb-icon-height:34px;--awb-icon-margin:14px;--awb-content-margin:48px;\" class=\"fusion-checklist fusion-checklist-1 type-icons\">\n         <li class=\"fusion-li-item\" style=\"\">\n            <span class=\"icon-wrapper circle-no\">\n                <i class=\"fusion-li-icon icon-Plava_Visitrijeka\" aria-hidden=\"true\"><\/i>\n            <\/span>\n            <div class=\"fusion-li-item-content\">\n                <h3><strong>\u00e9v\u00e9nements.<\/strong><\/h3>\n            <\/div>\n        <\/li>\n    <\/ul>\n    \n<\/div><\/div><\/div>\n<\/div><\/div><div class=\"fusion-fullwidth fullwidth-box fusion-builder-row-2 fusion-flex-container has-pattern-background has-mask-background nonhundred-percent-fullwidth non-hundred-percent-height-scrolling\" style=\"--awb-border-radius-top-left:0px;--awb-border-radius-top-right:0px;--awb-border-radius-bottom-right:0px;--awb-border-radius-bottom-left:0px;--awb-padding-top:30px;--awb-padding-bottom:45px;--awb-background-color:var(--awb-color1);--awb-flex-wrap:wrap;\" ><div class=\"fusion-builder-row fusion-row fusion-flex-align-items-flex-start fusion-flex-content-wrap\" style=\"max-width:1414.4px;margin-left: calc(-4% \/ 2 );margin-right: calc(-4% \/ 2 );\"><div class=\"fusion-layout-column fusion_builder_column fusion-builder-column-2 fusion_builder_column_1_1 1_1 fusion-flex-column id-29118\" style=\"--awb-bg-size:cover;--awb-width-large:100%;--awb-margin-top-large:-50px;--awb-spacing-right-large:1.92%;--awb-margin-bottom-large:20px;--awb-spacing-left-large:1.92%;--awb-width-medium:100%;--awb-order-medium:0;--awb-spacing-right-medium:1.92%;--awb-spacing-left-medium:1.92%;--awb-width-small:100%;--awb-order-small:0;--awb-spacing-right-small:1.92%;--awb-spacing-left-small:1.92%;\" data-scroll-devices=\"small-visibility,medium-visibility,large-visibility\"><div class=\"fusion-column-wrapper fusion-column-has-shadow fusion-flex-justify-content-flex-start fusion-content-layout-column\"><div class=\"fusion-text fusion-text-2 fusion-text-no-margin\" style=\"--awb-text-color:var(--awb-color8);--awb-margin-bottom:50px;\"><p>Rijeka, une ville tout \u00e0 fait particuli\u00e8re, dit adieu \u00e0 la vieille ann\u00e9e \u00e0 sa mani\u00e8re unique. Chaque mois \u00e0 Rijeka est une histoire en soi, mais d\u00e9cembre, alors, est un conte de f\u00e9es racont\u00e9 dans les rues et les places de la ville, en mer et le long de la c\u00f4te par les gens et la ville qu&rsquo;ils habitent. D\u00e8s le moment o\u00f9 Rijeka \u00ab s&rsquo;habille \u00bb en d\u00e9cembre et commence \u00e0 briller dans toute sa splendeur festive, tout devient magique. Et le moment o\u00f9 des milliers de lumi\u00e8res de No\u00ebl chassent les t\u00e9n\u00e8bres n&rsquo;est \u00e0 manquer sous aucun pr\u00e9texte. L&rsquo;imagination, stimul\u00e9e par de nombreux \u00e9v\u00e9nements destin\u00e9s \u00e0 tous les \u00e2ges, va s\u2019\u00e9panouir sous les m\u00eames lumi\u00e8res pendant tout le mois \u00e0 venir. Ceci est le moment o\u00f9 Rijeka chante, danse, joue, rit et se r\u00e9jouit. Le moment o\u00f9 Rijeka fait des dons et offre son aide. Le moment o\u00f9 la ville montre qu&rsquo;elle est absolument unique.<\/p>\n<p>La Foire de No\u00ebl, une tradition de d\u00e9cembre \u00e0 Rijeka depuis longtemps, offre tous les ar\u00f4mes et les saveurs non seulement de Rijeka, mais aussi de la r\u00e9gion enti\u00e8re. Dans les charmantes maisons en bois, situ\u00e9es le long des promenades de la ville, m\u00eame les plus exigeants trouveront quelque chose pour eux-m\u00eames. Quoi que l&rsquo;on cherche, de la nourriture, des boissons, des sp\u00e9cialit\u00e9s culinaires sal\u00e9es et sucr\u00e9es, souvenirs, d\u00e9corations de No\u00ebl, v\u00eatements chauds en laine, de l&rsquo;art ou des n\u00e9cessit\u00e9s de tous les jours, c&rsquo;est \u00e0 la Foire de Rijeka qu&rsquo;on le trouvera.<\/p>\n<p>La sc\u00e8ne de d\u00e9cembre de la ville qui coule, comme on aime appeler Rijeka, est une histoire en soi. On commence \u00e0 chanter, jouer et danser au d\u00e9but de d\u00e9cembre et cela continue jusqu&rsquo;\u00e0 ce que la nouvelle ann\u00e9e remplace l&rsquo;ancienne. C&rsquo;est l\u00e0 que l&rsquo;ambiance festive devient encore plus sp\u00e9ciale gr\u00e2ce aux nombreuses associations culturelles et artistiques, aux groupes folkloriques et de danse, aux chorales, th\u00e9\u00e2tres, chorales a capella, artistes pop et rock. Le programme r\u00e9pond aux besoins des enfants et des adultes.<\/p>\n<p>Dans son conte de f\u00e9es de d\u00e9cembre, Rijeka a aussi un \u00abchapitre gastronomique\u00bb. Il est \u00e9crit par des restaurants, des tavernes et des caf\u00e9s qui offrent des plats authentiques et des d\u00e9gustations en plein air. Visiter Rijeka et ne pas participer au petit d\u00e9jeuner de bienfaisance la veille de No\u00ebl serait vraiment dommage. Le rago\u00fbt de morue, les calmars frits et les autres sp\u00e9cialit\u00e9s de mer, ainsi que les in\u00e9vitables fritule (beignets), ne sont qu&rsquo;une partie de ce que la Ville de Rijeka, \u00e0 l&rsquo;aide de traiteurs locaux, offre \u00e0 ses citoyens et aux touristes au petit d\u00e9jeuner de bienfaisance.<br \/>\nNaturellement, les plus jeunes aiment encore plus le mois de d\u00e9cembre \u00e0 Rijeka! D\u00e8s qu&rsquo;ils entendent jouer les P\u00e8res No\u00ebl de l&rsquo;orchestre Trsat, les enfants savent que l&rsquo;aventure commence. Tout d&rsquo;abord viennent Saint-Nicolas et son indispensable compagnon Krampus (le P\u00e8re Fouettard), puis commence la marche du train du P\u00e8re No\u00ebl qui passe tous les jours et n&rsquo;est jamais, absolument jamais en retard, puis le P\u00e8re No\u00ebl arrive sur la rue Korzo, et tous les stands proposent des friandises&#8230; C&rsquo;est un plaisir incroyable. Si l&rsquo;on ajoute \u00e0 tout cela un parc d&rsquo;attractions, plus le \u00abFlocon de mer\u00bb, une patinoire situ\u00e9e pr\u00e8s de la mer, c\u2019est vraiment merveilleux d&rsquo;\u00eatre un enfant \u00e0 Rijeka.<\/p>\n<p>Vers la fin de d\u00e9cembre, il y a encore plus d&rsquo;\u00e9v\u00e9nements. Nous allons un concert de No\u00ebl traditionnel appel\u00e9 \u00abC&rsquo;est No\u00ebl, les amis\u00bb (Bo\u017ei\u0107, je judi) et le concert du Nouvel An au Th\u00e9\u00e2tre national Ivan pl. Zajc, Rijeka. La promenade et les routes environnantes joueront leur musique des rues o\u00f9 l&rsquo;on peut entendre de la musique venant de tous les caf\u00e9s, et tout se m\u00e9lange dans la grande finale de l&rsquo;Avent de Rijeka: le r\u00e9veillon traditionnel du Nouvel An en plein air, o\u00f9 des dizaines de milliers de personnes s&#8217;embrassent sous les magnifiques feux d&rsquo;artifice, cong\u00e9diant l&rsquo;ann\u00e9e pass\u00e9e et accueillant la nouvelle.<\/p>\n<p>Et que dire d&rsquo;autre sinon que l&rsquo;on ne doit pas manquer l&rsquo;Avent de Rijeka parce que faire partie du conte de f\u00e9es local de d\u00e9cembre est une exp\u00e9rience unique. En fait, chaque ann\u00e9e, il devient plus ludique, avec une offre toujours plus attrayante.<\/p>\n<\/div><div class=\"awb-gallery-wrapper awb-gallery-wrapper-1 button-span-no\" style=\"--more-btn-alignment:center;\"><div style=\"margin:-5px;--awb-bordersize:0px;\" class=\"fusion-gallery fusion-gallery-container fusion-grid-3 fusion-columns-total-5 fusion-gallery-layout-grid fusion-gallery-1\"><div style=\"padding:5px;\" class=\"fusion-grid-column fusion-gallery-column fusion-gallery-column-3 hover-type-none\"><div class=\"fusion-gallery-image\"><a href=\"https:\/\/visitrijeka.hr\/wp-content\/uploads\/2023\/05\/Adventski-sajam-Kategorija-scaled-1-min-min-1.jpg\" rel=\"noreferrer\" data-rel=\"iLightbox[gallery_image_1]\" class=\"fusion-lightbox\" target=\"_self\"><img decoding=\"async\" src=\"https:\/\/visitrijeka.hr\/wp-content\/uploads\/2023\/05\/Adventski-sajam-Kategorija-scaled-1-min-min-1.jpg\" data-orig-src=\"https:\/\/visitrijeka.hr\/wp-content\/uploads\/2023\/05\/Adventski-sajam-Kategorija-scaled-1-min-min-1.jpg\" width=\"1000\" height=\"677\" alt=\"Advent u Rijeci\" title=\"Adventski-sajam-Kategorija-scaled-1-min-min\" aria-label=\"Adventski-sajam-Kategorija-scaled-1-min-min\" class=\"lazyload img-responsive wp-image-22348\" srcset=\"data:image\/svg+xml,%3Csvg%20xmlns%3D%27http%3A%2F%2Fwww.w3.org%2F2000%2Fsvg%27%20width%3D%271000%27%20height%3D%27677%27%20viewBox%3D%270%200%201000%20677%27%3E%3Crect%20width%3D%271000%27%20height%3D%27677%27%20fill-opacity%3D%220%22%2F%3E%3C%2Fsvg%3E\" data-srcset=\"https:\/\/visitrijeka.hr\/wp-content\/uploads\/2023\/05\/Adventski-sajam-Kategorija-scaled-1-min-min-1-200x135.jpg 200w, https:\/\/visitrijeka.hr\/wp-content\/uploads\/2023\/05\/Adventski-sajam-Kategorija-scaled-1-min-min-1-400x271.jpg 400w, https:\/\/visitrijeka.hr\/wp-content\/uploads\/2023\/05\/Adventski-sajam-Kategorija-scaled-1-min-min-1-600x406.jpg 600w, https:\/\/visitrijeka.hr\/wp-content\/uploads\/2023\/05\/Adventski-sajam-Kategorija-scaled-1-min-min-1-800x542.jpg 800w, https:\/\/visitrijeka.hr\/wp-content\/uploads\/2023\/05\/Adventski-sajam-Kategorija-scaled-1-min-min-1.jpg 1000w\" data-sizes=\"auto\" data-orig-sizes=\"(min-width: 2200px) 100vw, (min-width: 784px) 450px, (min-width: 712px) 675px, (min-width: 640px) 712px, \" \/><\/a><\/div><\/div><div style=\"padding:5px;\" class=\"fusion-grid-column fusion-gallery-column fusion-gallery-column-3 hover-type-none\"><div class=\"fusion-gallery-image\"><a href=\"https:\/\/visitrijeka.hr\/wp-content\/uploads\/2023\/05\/Advent2.jpg\" rel=\"noreferrer\" data-rel=\"iLightbox[gallery_image_1]\" class=\"fusion-lightbox\" target=\"_self\"><img decoding=\"async\" src=\"https:\/\/visitrijeka.hr\/wp-content\/uploads\/2023\/05\/Advent2.jpg\" data-orig-src=\"https:\/\/visitrijeka.hr\/wp-content\/uploads\/2023\/05\/Advent2.jpg\" width=\"1000\" height=\"677\" alt=\"Advent u Rijeci\" title=\"Advent2\" aria-label=\"Advent2\" class=\"lazyload img-responsive wp-image-22354\" srcset=\"data:image\/svg+xml,%3Csvg%20xmlns%3D%27http%3A%2F%2Fwww.w3.org%2F2000%2Fsvg%27%20width%3D%271000%27%20height%3D%27677%27%20viewBox%3D%270%200%201000%20677%27%3E%3Crect%20width%3D%271000%27%20height%3D%27677%27%20fill-opacity%3D%220%22%2F%3E%3C%2Fsvg%3E\" data-srcset=\"https:\/\/visitrijeka.hr\/wp-content\/uploads\/2023\/05\/Advent2-200x135.jpg 200w, https:\/\/visitrijeka.hr\/wp-content\/uploads\/2023\/05\/Advent2-400x271.jpg 400w, https:\/\/visitrijeka.hr\/wp-content\/uploads\/2023\/05\/Advent2-600x406.jpg 600w, https:\/\/visitrijeka.hr\/wp-content\/uploads\/2023\/05\/Advent2-800x542.jpg 800w, https:\/\/visitrijeka.hr\/wp-content\/uploads\/2023\/05\/Advent2.jpg 1000w\" data-sizes=\"auto\" data-orig-sizes=\"(min-width: 2200px) 100vw, (min-width: 784px) 450px, (min-width: 712px) 675px, (min-width: 640px) 712px, \" \/><\/a><\/div><\/div><div style=\"padding:5px;\" class=\"fusion-grid-column fusion-gallery-column fusion-gallery-column-3 hover-type-none\"><div class=\"fusion-gallery-image\"><a href=\"https:\/\/visitrijeka.hr\/wp-content\/uploads\/2023\/05\/Advent4.jpg\" rel=\"noreferrer\" data-rel=\"iLightbox[gallery_image_1]\" class=\"fusion-lightbox\" target=\"_self\"><img decoding=\"async\" src=\"https:\/\/visitrijeka.hr\/wp-content\/uploads\/2023\/05\/Advent4.jpg\" data-orig-src=\"https:\/\/visitrijeka.hr\/wp-content\/uploads\/2023\/05\/Advent4.jpg\" width=\"1000\" height=\"677\" alt=\"\" title=\"Advent4\" aria-label=\"Advent4\" class=\"lazyload img-responsive wp-image-22360\" srcset=\"data:image\/svg+xml,%3Csvg%20xmlns%3D%27http%3A%2F%2Fwww.w3.org%2F2000%2Fsvg%27%20width%3D%271000%27%20height%3D%27677%27%20viewBox%3D%270%200%201000%20677%27%3E%3Crect%20width%3D%271000%27%20height%3D%27677%27%20fill-opacity%3D%220%22%2F%3E%3C%2Fsvg%3E\" data-srcset=\"https:\/\/visitrijeka.hr\/wp-content\/uploads\/2023\/05\/Advent4-200x135.jpg 200w, https:\/\/visitrijeka.hr\/wp-content\/uploads\/2023\/05\/Advent4-400x271.jpg 400w, https:\/\/visitrijeka.hr\/wp-content\/uploads\/2023\/05\/Advent4-600x406.jpg 600w, https:\/\/visitrijeka.hr\/wp-content\/uploads\/2023\/05\/Advent4-800x542.jpg 800w, https:\/\/visitrijeka.hr\/wp-content\/uploads\/2023\/05\/Advent4.jpg 1000w\" data-sizes=\"auto\" data-orig-sizes=\"(min-width: 2200px) 100vw, (min-width: 784px) 450px, (min-width: 712px) 675px, (min-width: 640px) 712px, \" \/><\/a><\/div><\/div><div class=\"clearfix\"><\/div><div style=\"padding:5px;\" class=\"fusion-grid-column fusion-gallery-column fusion-gallery-column-3 hover-type-none\"><div class=\"fusion-gallery-image\"><a href=\"https:\/\/visitrijeka.hr\/wp-content\/uploads\/2023\/05\/Advent5.jpg\" rel=\"noreferrer\" data-rel=\"iLightbox[gallery_image_1]\" class=\"fusion-lightbox\" target=\"_self\"><img decoding=\"async\" src=\"https:\/\/visitrijeka.hr\/wp-content\/uploads\/2023\/05\/Advent5.jpg\" data-orig-src=\"https:\/\/visitrijeka.hr\/wp-content\/uploads\/2023\/05\/Advent5.jpg\" width=\"1000\" height=\"677\" alt=\"\" title=\"Advent5\" aria-label=\"Advent5\" class=\"lazyload img-responsive wp-image-22366\" srcset=\"data:image\/svg+xml,%3Csvg%20xmlns%3D%27http%3A%2F%2Fwww.w3.org%2F2000%2Fsvg%27%20width%3D%271000%27%20height%3D%27677%27%20viewBox%3D%270%200%201000%20677%27%3E%3Crect%20width%3D%271000%27%20height%3D%27677%27%20fill-opacity%3D%220%22%2F%3E%3C%2Fsvg%3E\" data-srcset=\"https:\/\/visitrijeka.hr\/wp-content\/uploads\/2023\/05\/Advent5-200x135.jpg 200w, https:\/\/visitrijeka.hr\/wp-content\/uploads\/2023\/05\/Advent5-400x271.jpg 400w, https:\/\/visitrijeka.hr\/wp-content\/uploads\/2023\/05\/Advent5-600x406.jpg 600w, https:\/\/visitrijeka.hr\/wp-content\/uploads\/2023\/05\/Advent5-800x542.jpg 800w, https:\/\/visitrijeka.hr\/wp-content\/uploads\/2023\/05\/Advent5.jpg 1000w\" data-sizes=\"auto\" data-orig-sizes=\"(min-width: 2200px) 100vw, (min-width: 784px) 450px, (min-width: 712px) 675px, (min-width: 640px) 712px, \" \/><\/a><\/div><\/div><div style=\"padding:5px;\" class=\"fusion-grid-column fusion-gallery-column fusion-gallery-column-3 hover-type-none\"><div class=\"fusion-gallery-image\"><a href=\"https:\/\/visitrijeka.hr\/wp-content\/uploads\/2023\/05\/AdventiranjeRi.jpg\" rel=\"noreferrer\" data-rel=\"iLightbox[gallery_image_1]\" class=\"fusion-lightbox\" target=\"_self\"><img decoding=\"async\" src=\"https:\/\/visitrijeka.hr\/wp-content\/uploads\/2023\/05\/AdventiranjeRi.jpg\" data-orig-src=\"https:\/\/visitrijeka.hr\/wp-content\/uploads\/2023\/05\/AdventiranjeRi.jpg\" width=\"1000\" height=\"677\" alt=\"\" title=\"AdventiranjeRi\" aria-label=\"AdventiranjeRi\" class=\"lazyload img-responsive wp-image-22372\" srcset=\"data:image\/svg+xml,%3Csvg%20xmlns%3D%27http%3A%2F%2Fwww.w3.org%2F2000%2Fsvg%27%20width%3D%271000%27%20height%3D%27677%27%20viewBox%3D%270%200%201000%20677%27%3E%3Crect%20width%3D%271000%27%20height%3D%27677%27%20fill-opacity%3D%220%22%2F%3E%3C%2Fsvg%3E\" data-srcset=\"https:\/\/visitrijeka.hr\/wp-content\/uploads\/2023\/05\/AdventiranjeRi-200x135.jpg 200w, https:\/\/visitrijeka.hr\/wp-content\/uploads\/2023\/05\/AdventiranjeRi-400x271.jpg 400w, https:\/\/visitrijeka.hr\/wp-content\/uploads\/2023\/05\/AdventiranjeRi-600x406.jpg 600w, https:\/\/visitrijeka.hr\/wp-content\/uploads\/2023\/05\/AdventiranjeRi-800x542.jpg 800w, https:\/\/visitrijeka.hr\/wp-content\/uploads\/2023\/05\/AdventiranjeRi.jpg 1000w\" data-sizes=\"auto\" data-orig-sizes=\"(min-width: 2200px) 100vw, (min-width: 784px) 450px, (min-width: 712px) 675px, (min-width: 640px) 712px, \" \/><\/a><\/div><\/div><\/div><\/div><\/div><\/div><\/div><\/div>\n<\/p>\n","protected":false},"excerpt":{"rendered":"","protected":false},"author":1,"featured_media":22344,"parent":0,"menu_order":0,"comment_status":"closed","ping_status":"closed","template":"100-width.php","meta":{"_acf_changed":false,"inline_featured_image":false,"footnotes":""},"class_list":["post-29118","page","type-page","status-publish","has-post-thumbnail","hentry"],"acf":[],"yoast_head":"<!-- This site is optimized with the Yoast SEO plugin v26.3 - https:\/\/yoast.com\/wordpress\/plugins\/seo\/ -->\n<title>Avent \u00e0 Rijeka - Visit Rijeka<\/title>\n<meta name=\"robots\" content=\"index, follow, max-snippet:-1, max-image-preview:large, max-video-preview:-1\" \/>\n<link rel=\"canonical\" href=\"https:\/\/visitrijeka.hr\/fr\/avent-a-rijeka\/\" \/>\n<meta property=\"og:locale\" content=\"fr_FR\" \/>\n<meta property=\"og:type\" content=\"article\" \/>\n<meta property=\"og:title\" content=\"Avent \u00e0 Rijeka - Visit Rijeka\" \/>\n<meta property=\"og:url\" content=\"https:\/\/visitrijeka.hr\/fr\/avent-a-rijeka\/\" \/>\n<meta property=\"og:site_name\" content=\"Visit Rijeka\" \/>\n<meta property=\"article:publisher\" content=\"https:\/\/www.facebook.com\/VisitRijeka\" \/>\n<meta property=\"article:modified_time\" content=\"2025-10-29T09:44:21+00:00\" \/>\n<meta property=\"og:image\" content=\"https:\/\/visitrijeka.hr\/wp-content\/uploads\/2023\/05\/Advent-na-Gradini1.jpg\" \/>\n\t<meta property=\"og:image:width\" content=\"1920\" \/>\n\t<meta property=\"og:image:height\" content=\"1337\" \/>\n\t<meta property=\"og:image:type\" content=\"image\/jpeg\" \/>\n<meta name=\"twitter:card\" content=\"summary_large_image\" \/>\n<meta name=\"twitter:label1\" content=\"Dur\u00e9e de lecture estim\u00e9e\" \/>\n\t<meta name=\"twitter:data1\" content=\"6 minutes\" \/>\n<script type=\"application\/ld+json\" class=\"yoast-schema-graph\">{\"@context\":\"https:\/\/schema.org\",\"@graph\":[{\"@type\":\"WebPage\",\"@id\":\"https:\/\/visitrijeka.hr\/fr\/avent-a-rijeka\/\",\"url\":\"https:\/\/visitrijeka.hr\/fr\/avent-a-rijeka\/\",\"name\":\"Avent \u00e0 Rijeka - Visit Rijeka\",\"isPartOf\":{\"@id\":\"https:\/\/visitrijeka.hr\/fr\/#website\"},\"primaryImageOfPage\":{\"@id\":\"https:\/\/visitrijeka.hr\/fr\/avent-a-rijeka\/#primaryimage\"},\"image\":{\"@id\":\"https:\/\/visitrijeka.hr\/fr\/avent-a-rijeka\/#primaryimage\"},\"thumbnailUrl\":\"https:\/\/visitrijeka.hr\/wp-content\/uploads\/2023\/05\/Advent-na-Gradini1.jpg\",\"datePublished\":\"2023-06-09T06:26:50+00:00\",\"dateModified\":\"2025-10-29T09:44:21+00:00\",\"breadcrumb\":{\"@id\":\"https:\/\/visitrijeka.hr\/fr\/avent-a-rijeka\/#breadcrumb\"},\"inLanguage\":\"fr-FR\",\"potentialAction\":[{\"@type\":\"ReadAction\",\"target\":[\"https:\/\/visitrijeka.hr\/fr\/avent-a-rijeka\/\"]}]},{\"@type\":\"ImageObject\",\"inLanguage\":\"fr-FR\",\"@id\":\"https:\/\/visitrijeka.hr\/fr\/avent-a-rijeka\/#primaryimage\",\"url\":\"https:\/\/visitrijeka.hr\/wp-content\/uploads\/2023\/05\/Advent-na-Gradini1.jpg\",\"contentUrl\":\"https:\/\/visitrijeka.hr\/wp-content\/uploads\/2023\/05\/Advent-na-Gradini1.jpg\",\"width\":1920,\"height\":1337,\"caption\":\"Advent u Rijeci - na Gradini\"},{\"@type\":\"WebSite\",\"@id\":\"https:\/\/visitrijeka.hr\/fr\/#website\",\"url\":\"https:\/\/visitrijeka.hr\/fr\/\",\"name\":\"Visit Rijeka\",\"description\":\"Grad koji te\u010de....\",\"publisher\":{\"@id\":\"https:\/\/visitrijeka.hr\/fr\/#organization\"},\"potentialAction\":[{\"@type\":\"SearchAction\",\"target\":{\"@type\":\"EntryPoint\",\"urlTemplate\":\"https:\/\/visitrijeka.hr\/fr\/?s={search_term_string}\"},\"query-input\":{\"@type\":\"PropertyValueSpecification\",\"valueRequired\":true,\"valueName\":\"search_term_string\"}}],\"inLanguage\":\"fr-FR\"},{\"@type\":\"Organization\",\"@id\":\"https:\/\/visitrijeka.hr\/fr\/#organization\",\"name\":\"Visit Rijeka\",\"url\":\"https:\/\/visitrijeka.hr\/fr\/\",\"logo\":{\"@type\":\"ImageObject\",\"inLanguage\":\"fr-FR\",\"@id\":\"https:\/\/visitrijeka.hr\/fr\/#\/schema\/logo\/image\/\",\"url\":\"https:\/\/visitrijeka.hr\/wp-content\/uploads\/2023\/02\/Logo_Visit_rijeka_460.svg\",\"contentUrl\":\"https:\/\/visitrijeka.hr\/wp-content\/uploads\/2023\/02\/Logo_Visit_rijeka_460.svg\",\"width\":100,\"height\":100,\"caption\":\"Visit Rijeka\"},\"image\":{\"@id\":\"https:\/\/visitrijeka.hr\/fr\/#\/schema\/logo\/image\/\"},\"sameAs\":[\"https:\/\/www.facebook.com\/VisitRijeka\"]}]}<\/script>\n<!-- \/ Yoast SEO plugin. -->","yoast_head_json":{"title":"Avent \u00e0 Rijeka - Visit Rijeka","robots":{"index":"index","follow":"follow","max-snippet":"max-snippet:-1","max-image-preview":"max-image-preview:large","max-video-preview":"max-video-preview:-1"},"canonical":"https:\/\/visitrijeka.hr\/fr\/avent-a-rijeka\/","og_locale":"fr_FR","og_type":"article","og_title":"Avent \u00e0 Rijeka - Visit Rijeka","og_url":"https:\/\/visitrijeka.hr\/fr\/avent-a-rijeka\/","og_site_name":"Visit Rijeka","article_publisher":"https:\/\/www.facebook.com\/VisitRijeka","article_modified_time":"2025-10-29T09:44:21+00:00","og_image":[{"width":1920,"height":1337,"url":"https:\/\/visitrijeka.hr\/wp-content\/uploads\/2023\/05\/Advent-na-Gradini1.jpg","type":"image\/jpeg"}],"twitter_card":"summary_large_image","twitter_misc":{"Dur\u00e9e de lecture estim\u00e9e":"6 minutes"},"schema":{"@context":"https:\/\/schema.org","@graph":[{"@type":"WebPage","@id":"https:\/\/visitrijeka.hr\/fr\/avent-a-rijeka\/","url":"https:\/\/visitrijeka.hr\/fr\/avent-a-rijeka\/","name":"Avent \u00e0 Rijeka - Visit Rijeka","isPartOf":{"@id":"https:\/\/visitrijeka.hr\/fr\/#website"},"primaryImageOfPage":{"@id":"https:\/\/visitrijeka.hr\/fr\/avent-a-rijeka\/#primaryimage"},"image":{"@id":"https:\/\/visitrijeka.hr\/fr\/avent-a-rijeka\/#primaryimage"},"thumbnailUrl":"https:\/\/visitrijeka.hr\/wp-content\/uploads\/2023\/05\/Advent-na-Gradini1.jpg","datePublished":"2023-06-09T06:26:50+00:00","dateModified":"2025-10-29T09:44:21+00:00","breadcrumb":{"@id":"https:\/\/visitrijeka.hr\/fr\/avent-a-rijeka\/#breadcrumb"},"inLanguage":"fr-FR","potentialAction":[{"@type":"ReadAction","target":["https:\/\/visitrijeka.hr\/fr\/avent-a-rijeka\/"]}]},{"@type":"ImageObject","inLanguage":"fr-FR","@id":"https:\/\/visitrijeka.hr\/fr\/avent-a-rijeka\/#primaryimage","url":"https:\/\/visitrijeka.hr\/wp-content\/uploads\/2023\/05\/Advent-na-Gradini1.jpg","contentUrl":"https:\/\/visitrijeka.hr\/wp-content\/uploads\/2023\/05\/Advent-na-Gradini1.jpg","width":1920,"height":1337,"caption":"Advent u Rijeci - na Gradini"},{"@type":"WebSite","@id":"https:\/\/visitrijeka.hr\/fr\/#website","url":"https:\/\/visitrijeka.hr\/fr\/","name":"Visit Rijeka","description":"Grad koji te\u010de....","publisher":{"@id":"https:\/\/visitrijeka.hr\/fr\/#organization"},"potentialAction":[{"@type":"SearchAction","target":{"@type":"EntryPoint","urlTemplate":"https:\/\/visitrijeka.hr\/fr\/?s={search_term_string}"},"query-input":{"@type":"PropertyValueSpecification","valueRequired":true,"valueName":"search_term_string"}}],"inLanguage":"fr-FR"},{"@type":"Organization","@id":"https:\/\/visitrijeka.hr\/fr\/#organization","name":"Visit Rijeka","url":"https:\/\/visitrijeka.hr\/fr\/","logo":{"@type":"ImageObject","inLanguage":"fr-FR","@id":"https:\/\/visitrijeka.hr\/fr\/#\/schema\/logo\/image\/","url":"https:\/\/visitrijeka.hr\/wp-content\/uploads\/2023\/02\/Logo_Visit_rijeka_460.svg","contentUrl":"https:\/\/visitrijeka.hr\/wp-content\/uploads\/2023\/02\/Logo_Visit_rijeka_460.svg","width":100,"height":100,"caption":"Visit Rijeka"},"image":{"@id":"https:\/\/visitrijeka.hr\/fr\/#\/schema\/logo\/image\/"},"sameAs":["https:\/\/www.facebook.com\/VisitRijeka"]}]}},"_links":{"self":[{"href":"https:\/\/visitrijeka.hr\/fr\/wp-json\/wp\/v2\/pages\/29118","targetHints":{"allow":["GET"]}}],"collection":[{"href":"https:\/\/visitrijeka.hr\/fr\/wp-json\/wp\/v2\/pages"}],"about":[{"href":"https:\/\/visitrijeka.hr\/fr\/wp-json\/wp\/v2\/types\/page"}],"author":[{"embeddable":true,"href":"https:\/\/visitrijeka.hr\/fr\/wp-json\/wp\/v2\/users\/1"}],"replies":[{"embeddable":true,"href":"https:\/\/visitrijeka.hr\/fr\/wp-json\/wp\/v2\/comments?post=29118"}],"version-history":[{"count":0,"href":"https:\/\/visitrijeka.hr\/fr\/wp-json\/wp\/v2\/pages\/29118\/revisions"}],"wp:featuredmedia":[{"embeddable":true,"href":"https:\/\/visitrijeka.hr\/fr\/wp-json\/wp\/v2\/media\/22344"}],"wp:attachment":[{"href":"https:\/\/visitrijeka.hr\/fr\/wp-json\/wp\/v2\/media?parent=29118"}],"curies":[{"name":"wp","href":"https:\/\/api.w.org\/{rel}","templated":true}]}}