{"id":101573,"date":"2025-11-13T16:18:55","date_gmt":"2025-11-13T15:18:55","guid":{"rendered":"https:\/\/visitrijeka.hr\/blagdansko-ruho-rijeckih-kvartova\/"},"modified":"2025-12-04T12:05:50","modified_gmt":"2025-12-04T11:05:50","slug":"the-holiday-look-of-rijekas-neighbourhoods","status":"publish","type":"page","link":"https:\/\/visitrijeka.hr\/en\/the-holiday-look-of-rijekas-neighbourhoods\/","title":{"rendered":"The holiday look of Rijeka\u2019s neighbourhoods"},"content":{"rendered":"<p><div class=\"fusion-fullwidth fullwidth-box fusion-builder-row-1 fusion-flex-container has-pattern-background has-mask-background nonhundred-percent-fullwidth non-hundred-percent-height-scrolling\" style=\"--awb-border-radius-top-left:0px;--awb-border-radius-top-right:0px;--awb-border-radius-bottom-right:0px;--awb-border-radius-bottom-left:0px;--awb-padding-top:0px;--awb-padding-bottom:0px;--awb-margin-top:0px;--awb-margin-bottom:0px;--awb-margin-top-small:-17px;--awb-flex-wrap:wrap;\" ><div class=\"fusion-builder-row fusion-row fusion-flex-align-items-flex-start fusion-flex-content-wrap\" style=\"max-width:1414.4px;margin-left: calc(-4% \/ 2 );margin-right: calc(-4% \/ 2 );\"><div class=\"fusion-layout-column fusion_builder_column fusion-builder-column-0 fusion_builder_column_3_4 3_4 fusion-flex-column id-101573\" style=\"--awb-bg-size:cover;--awb-width-large:75%;--awb-margin-top-large:0px;--awb-spacing-right-large:2.56%;--awb-margin-bottom-large:20px;--awb-spacing-left-large:2.56%;--awb-width-medium:75%;--awb-order-medium:0;--awb-spacing-right-medium:2.56%;--awb-spacing-left-medium:2.56%;--awb-width-small:100%;--awb-order-small:0;--awb-spacing-right-small:1.92%;--awb-spacing-left-small:1.92%;\"><div class=\"fusion-column-wrapper fusion-column-has-shadow fusion-flex-justify-content-flex-start fusion-content-layout-column\"><\/div><\/div><div class=\"fusion-layout-column fusion_builder_column fusion-builder-column-1 fusion_builder_column_1_4 1_4 fusion-flex-column fusion-flex-align-self-flex-start id-101573\" style=\"--awb-padding-right-small:40px;--awb-padding-left-small:40px;--awb-bg-size:cover;--awb-width-large:25%;--awb-margin-top-large:-30px;--awb-spacing-right-large:0px;--awb-margin-bottom-large:20px;--awb-spacing-left-large:0px;--awb-width-medium:25%;--awb-order-medium:0;--awb-spacing-right-medium:0px;--awb-spacing-left-medium:0px;--awb-width-small:100%;--awb-order-small:0;--awb-spacing-right-small:1.92%;--awb-spacing-left-small:1.92%;\" data-scroll-devices=\"small-visibility,medium-visibility,large-visibility\"><div class=\"fusion-column-wrapper fusion-column-has-shadow fusion-flex-justify-content-flex-start fusion-content-layout-column\"><div class=\"fusion-text fusion-text-1\">     <ul style=\"--awb-size:20px;--awb-margin-top:0px;--awb-margin-right:0px;--awb-margin-bottom:0px;--awb-margin-left:0px;--awb-item-padding-top:0px;--awb-item-padding-right:0px;--awb-item-padding-bottom:0px;--awb-item-padding-left:0px;--awb-line-height:34px;--awb-icon-width:34px;--awb-icon-height:34px;--awb-icon-margin:14px;--awb-content-margin:48px;\" class=\"fusion-checklist fusion-checklist-1 type-icons\">\n         <li class=\"fusion-li-item\" style=\"\">\n            <span class=\"icon-wrapper circle-no\">\n                <i class=\"fusion-li-icon icon-Plava_Visitrijeka\" aria-hidden=\"true\"><\/i>\n            <\/span>\n            <div class=\"fusion-li-item-content\">\n                <h3><strong>events.<\/strong><\/h3>\n            <\/div>\n        <\/li>\n    <\/ul>\n    \n<\/div><\/div><\/div>\n<\/div><\/div><div class=\"fusion-fullwidth fullwidth-box fusion-builder-row-2 fusion-flex-container has-pattern-background has-mask-background nonhundred-percent-fullwidth non-hundred-percent-height-scrolling\" style=\"--awb-border-radius-top-left:0px;--awb-border-radius-top-right:0px;--awb-border-radius-bottom-right:0px;--awb-border-radius-bottom-left:0px;--awb-padding-top:0px;--awb-padding-bottom:45px;--awb-padding-top-small:30px;--awb-background-color:var(--awb-color1);--awb-flex-wrap:wrap;\" ><div class=\"fusion-builder-row fusion-row fusion-flex-align-items-flex-start fusion-flex-content-wrap\" style=\"max-width:1414.4px;margin-left: calc(-4% \/ 2 );margin-right: calc(-4% \/ 2 );\"><div class=\"fusion-layout-column fusion_builder_column fusion-builder-column-2 fusion_builder_column_1_1 1_1 fusion-flex-column id-101573\" style=\"--awb-bg-size:cover;--awb-width-large:100%;--awb-margin-top-large:-50px;--awb-spacing-right-large:1.92%;--awb-margin-bottom-large:20px;--awb-spacing-left-large:1.92%;--awb-width-medium:100%;--awb-order-medium:0;--awb-spacing-right-medium:1.92%;--awb-spacing-left-medium:1.92%;--awb-width-small:100%;--awb-order-small:0;--awb-spacing-right-small:1.92%;--awb-spacing-left-small:1.92%;\" data-scroll-devices=\"small-visibility,medium-visibility,large-visibility\"><div class=\"fusion-column-wrapper fusion-column-has-shadow fusion-flex-justify-content-flex-start fusion-content-layout-column\"><ul style=\"--awb-margin-bottom:20px;--awb-iconcolor:var(--awb-custom_color_2);--awb-textcolor:var(--awb-color8);--awb-line-height:25.5px;--awb-icon-width:25.5px;--awb-icon-height:25.5px;--awb-icon-margin:10.5px;--awb-content-margin:36px;\" class=\"fusion-checklist fusion-checklist-1 fusion-checklist-default type-icons\"><\/ul><div class=\"fusion-text fusion-text-2 fusion-text-no-margin\" style=\"--awb-text-color:var(--awb-color8);--awb-margin-bottom:15px;\"><p><span data-contrast=\"none\">This year's Rijeka Advent will receive a dignified makeover! Christmas lights, trees and decorations will transform your neighbourhood into enchanting oases of jubilation. Every neighbourhood tells its own illuminating story, creating a cosy atmosphere near your home in the company of family, friends and neighbours. This year, the special holiday lights will illuminate: Drenova, Gornja Ve\u017eica, Kantrida, Pehlin, Podmurvice, Podve\u017eica, Srdo\u010de, Sveti Nikola, \u0160kurinje and Zamet, with more Rijeka neighbourhoods expected to light up in the following years.<br \/>\u202f<\/span><span data-ccp-props=\"{\">\u00a0<\/span><\/p>\n<p><span data-ccp-props=\"\">\u00a0<\/span><\/p>\n<\/div><div class=\"fusion-image-carousel fusion-image-carousel-fixed fusion-image-carousel-1 lightbox-enabled\" style=\"margin-top:20px;\"><div class=\"awb-carousel awb-swiper awb-swiper-carousel awb-carousel--carousel awb-swiper-dots-position-bottom\" data-layout=\"carousel\" data-autoplay=\"no\" data-autoplayspeed=\"2500\" data-autoplaypause=\"no\" data-columns=\"5\" data-columnsmedium=\"1\" data-columnssmall=\"1\" data-itemmargin=\"13\" data-itemwidth=\"180\" data-touchscroll=\"no\" data-freemode=\"no\" data-imagesize=\"fixed\" data-scrollitems=\"5\" data-centeredslides=\"no\" data-rotationangle=\"50\" data-depth=\"100\" data-speed=\"500\" data-shadow=\"no\" data-pagination=\"bullets\"><div class=\"swiper-wrapper awb-image-carousel-wrapper fusion-flex-align-items-center\"><\/div><div class=\"awb-swiper-button awb-swiper-button-prev\"><i class=\"awb-icon-angle-left\" aria-hidden=\"true\"><\/i><\/div><div class=\"awb-swiper-button awb-swiper-button-next\"><i class=\"awb-icon-angle-right\" aria-hidden=\"true\"><\/i><\/div><\/div><\/div>\n<\/div><\/div><\/div><\/div><\/p>\n","protected":false},"excerpt":{"rendered":"","protected":false},"author":173,"featured_media":99928,"parent":0,"menu_order":0,"comment_status":"closed","ping_status":"closed","template":"100-width.php","meta":{"_acf_changed":false,"inline_featured_image":false,"footnotes":""},"class_list":["post-101573","page","type-page","status-publish","has-post-thumbnail","hentry"],"acf":[],"yoast_head":"<!-- This site is optimized with the Yoast SEO plugin v26.3 - https:\/\/yoast.com\/wordpress\/plugins\/seo\/ -->\n<title>The holiday look of Rijeka\u2019s neighbourhoods - Visit Rijeka<\/title>\n<meta name=\"description\" content=\"Advent na Gradini jedan je od najrasko\u0161nijih advenata u ovom dijelu Europe te broji ve\u0107 \u0161est izdanja s vi\u0161e od 340.000 posjetitelja\" \/>\n<meta name=\"robots\" content=\"index, follow, max-snippet:-1, max-image-preview:large, max-video-preview:-1\" \/>\n<link rel=\"canonical\" href=\"https:\/\/visitrijeka.hr\/en\/the-holiday-look-of-rijekas-neighbourhoods\/\" \/>\n<meta property=\"og:locale\" content=\"en_US\" \/>\n<meta property=\"og:type\" content=\"article\" \/>\n<meta property=\"og:title\" content=\"The holiday look of Rijeka\u2019s neighbourhoods - Visit Rijeka\" \/>\n<meta property=\"og:description\" content=\"Advent na Gradini jedan je od najrasko\u0161nijih advenata u ovom dijelu Europe te broji ve\u0107 \u0161est izdanja s vi\u0161e od 340.000 posjetitelja\" \/>\n<meta property=\"og:url\" content=\"https:\/\/visitrijeka.hr\/en\/the-holiday-look-of-rijekas-neighbourhoods\/\" \/>\n<meta property=\"og:site_name\" content=\"Visit Rijeka\" \/>\n<meta property=\"article:publisher\" content=\"https:\/\/www.facebook.com\/VisitRijeka\" \/>\n<meta property=\"article:modified_time\" content=\"2025-12-04T11:05:50+00:00\" \/>\n<meta property=\"og:image\" content=\"https:\/\/visitrijeka.hr\/wp-content\/uploads\/2025\/11\/Dizajn-bez-naslova-51.png\" \/>\n\t<meta property=\"og:image:width\" content=\"1334\" \/>\n\t<meta property=\"og:image:height\" content=\"2000\" \/>\n\t<meta property=\"og:image:type\" content=\"image\/png\" \/>\n<meta name=\"twitter:card\" content=\"summary_large_image\" \/>\n<meta name=\"twitter:label1\" content=\"Est. reading time\" \/>\n\t<meta name=\"twitter:data1\" content=\"1 minute\" \/>\n<script type=\"application\/ld+json\" class=\"yoast-schema-graph\">{\"@context\":\"https:\/\/schema.org\",\"@graph\":[{\"@type\":\"WebPage\",\"@id\":\"https:\/\/visitrijeka.hr\/en\/the-holiday-look-of-rijekas-neighbourhoods\/\",\"url\":\"https:\/\/visitrijeka.hr\/en\/the-holiday-look-of-rijekas-neighbourhoods\/\",\"name\":\"The holiday look of Rijeka\u2019s neighbourhoods - Visit Rijeka\",\"isPartOf\":{\"@id\":\"https:\/\/visitrijeka.hr\/en\/#website\"},\"primaryImageOfPage\":{\"@id\":\"https:\/\/visitrijeka.hr\/en\/the-holiday-look-of-rijekas-neighbourhoods\/#primaryimage\"},\"image\":{\"@id\":\"https:\/\/visitrijeka.hr\/en\/the-holiday-look-of-rijekas-neighbourhoods\/#primaryimage\"},\"thumbnailUrl\":\"https:\/\/visitrijeka.hr\/wp-content\/uploads\/2025\/11\/Dizajn-bez-naslova-51.png\",\"datePublished\":\"2025-11-13T15:18:55+00:00\",\"dateModified\":\"2025-12-04T11:05:50+00:00\",\"description\":\"Advent na Gradini jedan je od najrasko\u0161nijih advenata u ovom dijelu Europe te broji ve\u0107 \u0161est izdanja s vi\u0161e od 340.000 posjetitelja\",\"breadcrumb\":{\"@id\":\"https:\/\/visitrijeka.hr\/en\/the-holiday-look-of-rijekas-neighbourhoods\/#breadcrumb\"},\"inLanguage\":\"en-US\",\"potentialAction\":[{\"@type\":\"ReadAction\",\"target\":[\"https:\/\/visitrijeka.hr\/en\/the-holiday-look-of-rijekas-neighbourhoods\/\"]}]},{\"@type\":\"ImageObject\",\"inLanguage\":\"en-US\",\"@id\":\"https:\/\/visitrijeka.hr\/en\/the-holiday-look-of-rijekas-neighbourhoods\/#primaryimage\",\"url\":\"https:\/\/visitrijeka.hr\/wp-content\/uploads\/2025\/11\/Dizajn-bez-naslova-51.png\",\"contentUrl\":\"https:\/\/visitrijeka.hr\/wp-content\/uploads\/2025\/11\/Dizajn-bez-naslova-51.png\",\"width\":1334,\"height\":2000},{\"@type\":\"WebSite\",\"@id\":\"https:\/\/visitrijeka.hr\/en\/#website\",\"url\":\"https:\/\/visitrijeka.hr\/en\/\",\"name\":\"Visit Rijeka\",\"description\":\"Grad koji te\u010de....\",\"publisher\":{\"@id\":\"https:\/\/visitrijeka.hr\/en\/#organization\"},\"potentialAction\":[{\"@type\":\"SearchAction\",\"target\":{\"@type\":\"EntryPoint\",\"urlTemplate\":\"https:\/\/visitrijeka.hr\/en\/?s={search_term_string}\"},\"query-input\":{\"@type\":\"PropertyValueSpecification\",\"valueRequired\":true,\"valueName\":\"search_term_string\"}}],\"inLanguage\":\"en-US\"},{\"@type\":\"Organization\",\"@id\":\"https:\/\/visitrijeka.hr\/en\/#organization\",\"name\":\"Visit Rijeka\",\"url\":\"https:\/\/visitrijeka.hr\/en\/\",\"logo\":{\"@type\":\"ImageObject\",\"inLanguage\":\"en-US\",\"@id\":\"https:\/\/visitrijeka.hr\/en\/#\/schema\/logo\/image\/\",\"url\":\"https:\/\/visitrijeka.hr\/wp-content\/uploads\/2023\/02\/Logo_Visit_rijeka_460.svg\",\"contentUrl\":\"https:\/\/visitrijeka.hr\/wp-content\/uploads\/2023\/02\/Logo_Visit_rijeka_460.svg\",\"width\":100,\"height\":100,\"caption\":\"Visit Rijeka\"},\"image\":{\"@id\":\"https:\/\/visitrijeka.hr\/en\/#\/schema\/logo\/image\/\"},\"sameAs\":[\"https:\/\/www.facebook.com\/VisitRijeka\"]}]}<\/script>\n<!-- \/ Yoast SEO plugin. -->","yoast_head_json":{"title":"The holiday look of Rijeka\u2019s neighbourhoods - Visit Rijeka","description":"Advent na Gradini jedan je od najrasko\u0161nijih advenata u ovom dijelu Europe te broji ve\u0107 \u0161est izdanja s vi\u0161e od 340.000 posjetitelja","robots":{"index":"index","follow":"follow","max-snippet":"max-snippet:-1","max-image-preview":"max-image-preview:large","max-video-preview":"max-video-preview:-1"},"canonical":"https:\/\/visitrijeka.hr\/en\/the-holiday-look-of-rijekas-neighbourhoods\/","og_locale":"en_US","og_type":"article","og_title":"The holiday look of Rijeka\u2019s neighbourhoods - Visit Rijeka","og_description":"Advent na Gradini jedan je od najrasko\u0161nijih advenata u ovom dijelu Europe te broji ve\u0107 \u0161est izdanja s vi\u0161e od 340.000 posjetitelja","og_url":"https:\/\/visitrijeka.hr\/en\/the-holiday-look-of-rijekas-neighbourhoods\/","og_site_name":"Visit Rijeka","article_publisher":"https:\/\/www.facebook.com\/VisitRijeka","article_modified_time":"2025-12-04T11:05:50+00:00","og_image":[{"width":1334,"height":2000,"url":"https:\/\/visitrijeka.hr\/wp-content\/uploads\/2025\/11\/Dizajn-bez-naslova-51.png","type":"image\/png"}],"twitter_card":"summary_large_image","twitter_misc":{"Est. reading time":"1 minute"},"schema":{"@context":"https:\/\/schema.org","@graph":[{"@type":"WebPage","@id":"https:\/\/visitrijeka.hr\/en\/the-holiday-look-of-rijekas-neighbourhoods\/","url":"https:\/\/visitrijeka.hr\/en\/the-holiday-look-of-rijekas-neighbourhoods\/","name":"The holiday look of Rijeka\u2019s neighbourhoods - Visit Rijeka","isPartOf":{"@id":"https:\/\/visitrijeka.hr\/en\/#website"},"primaryImageOfPage":{"@id":"https:\/\/visitrijeka.hr\/en\/the-holiday-look-of-rijekas-neighbourhoods\/#primaryimage"},"image":{"@id":"https:\/\/visitrijeka.hr\/en\/the-holiday-look-of-rijekas-neighbourhoods\/#primaryimage"},"thumbnailUrl":"https:\/\/visitrijeka.hr\/wp-content\/uploads\/2025\/11\/Dizajn-bez-naslova-51.png","datePublished":"2025-11-13T15:18:55+00:00","dateModified":"2025-12-04T11:05:50+00:00","description":"Advent na Gradini jedan je od najrasko\u0161nijih advenata u ovom dijelu Europe te broji ve\u0107 \u0161est izdanja s vi\u0161e od 340.000 posjetitelja","breadcrumb":{"@id":"https:\/\/visitrijeka.hr\/en\/the-holiday-look-of-rijekas-neighbourhoods\/#breadcrumb"},"inLanguage":"en-US","potentialAction":[{"@type":"ReadAction","target":["https:\/\/visitrijeka.hr\/en\/the-holiday-look-of-rijekas-neighbourhoods\/"]}]},{"@type":"ImageObject","inLanguage":"en-US","@id":"https:\/\/visitrijeka.hr\/en\/the-holiday-look-of-rijekas-neighbourhoods\/#primaryimage","url":"https:\/\/visitrijeka.hr\/wp-content\/uploads\/2025\/11\/Dizajn-bez-naslova-51.png","contentUrl":"https:\/\/visitrijeka.hr\/wp-content\/uploads\/2025\/11\/Dizajn-bez-naslova-51.png","width":1334,"height":2000},{"@type":"WebSite","@id":"https:\/\/visitrijeka.hr\/en\/#website","url":"https:\/\/visitrijeka.hr\/en\/","name":"Visit Rijeka","description":"Grad koji te\u010de....","publisher":{"@id":"https:\/\/visitrijeka.hr\/en\/#organization"},"potentialAction":[{"@type":"SearchAction","target":{"@type":"EntryPoint","urlTemplate":"https:\/\/visitrijeka.hr\/en\/?s={search_term_string}"},"query-input":{"@type":"PropertyValueSpecification","valueRequired":true,"valueName":"search_term_string"}}],"inLanguage":"en-US"},{"@type":"Organization","@id":"https:\/\/visitrijeka.hr\/en\/#organization","name":"Visit Rijeka","url":"https:\/\/visitrijeka.hr\/en\/","logo":{"@type":"ImageObject","inLanguage":"en-US","@id":"https:\/\/visitrijeka.hr\/en\/#\/schema\/logo\/image\/","url":"https:\/\/visitrijeka.hr\/wp-content\/uploads\/2023\/02\/Logo_Visit_rijeka_460.svg","contentUrl":"https:\/\/visitrijeka.hr\/wp-content\/uploads\/2023\/02\/Logo_Visit_rijeka_460.svg","width":100,"height":100,"caption":"Visit Rijeka"},"image":{"@id":"https:\/\/visitrijeka.hr\/en\/#\/schema\/logo\/image\/"},"sameAs":["https:\/\/www.facebook.com\/VisitRijeka"]}]}},"_links":{"self":[{"href":"https:\/\/visitrijeka.hr\/en\/wp-json\/wp\/v2\/pages\/101573","targetHints":{"allow":["GET"]}}],"collection":[{"href":"https:\/\/visitrijeka.hr\/en\/wp-json\/wp\/v2\/pages"}],"about":[{"href":"https:\/\/visitrijeka.hr\/en\/wp-json\/wp\/v2\/types\/page"}],"author":[{"embeddable":true,"href":"https:\/\/visitrijeka.hr\/en\/wp-json\/wp\/v2\/users\/173"}],"replies":[{"embeddable":true,"href":"https:\/\/visitrijeka.hr\/en\/wp-json\/wp\/v2\/comments?post=101573"}],"version-history":[{"count":0,"href":"https:\/\/visitrijeka.hr\/en\/wp-json\/wp\/v2\/pages\/101573\/revisions"}],"wp:featuredmedia":[{"embeddable":true,"href":"https:\/\/visitrijeka.hr\/en\/wp-json\/wp\/v2\/media\/99928"}],"wp:attachment":[{"href":"https:\/\/visitrijeka.hr\/en\/wp-json\/wp\/v2\/media?parent=101573"}],"curies":[{"name":"wp","href":"https:\/\/api.w.org\/{rel}","templated":true}]}}