{"id":101556,"date":"2025-11-13T16:14:10","date_gmt":"2025-11-13T15:14:10","guid":{"rendered":"https:\/\/visitrijeka.hr\/klizaliste-u-exportdrvu\/"},"modified":"2025-12-04T12:04:29","modified_gmt":"2025-12-04T11:04:29","slug":"klizaliste-u-exportdrvu","status":"publish","type":"page","link":"https:\/\/visitrijeka.hr\/en\/klizaliste-u-exportdrvu\/","title":{"rendered":"Ice skating rink at Exportdrvo"},"content":{"rendered":"<p><div class=\"fusion-fullwidth fullwidth-box fusion-builder-row-1 fusion-flex-container has-pattern-background has-mask-background nonhundred-percent-fullwidth non-hundred-percent-height-scrolling\" style=\"--awb-border-radius-top-left:0px;--awb-border-radius-top-right:0px;--awb-border-radius-bottom-right:0px;--awb-border-radius-bottom-left:0px;--awb-padding-top:0px;--awb-padding-bottom:0px;--awb-margin-top:0px;--awb-margin-bottom:0px;--awb-margin-top-small:-17px;--awb-flex-wrap:wrap;\" ><div class=\"fusion-builder-row fusion-row fusion-flex-align-items-flex-start fusion-flex-content-wrap\" style=\"max-width:1414.4px;margin-left: calc(-4% \/ 2 );margin-right: calc(-4% \/ 2 );\"><div class=\"fusion-layout-column fusion_builder_column fusion-builder-column-0 fusion_builder_column_3_4 3_4 fusion-flex-column id-101556\" style=\"--awb-bg-size:cover;--awb-width-large:75%;--awb-margin-top-large:0px;--awb-spacing-right-large:2.56%;--awb-margin-bottom-large:20px;--awb-spacing-left-large:2.56%;--awb-width-medium:75%;--awb-order-medium:0;--awb-spacing-right-medium:2.56%;--awb-spacing-left-medium:2.56%;--awb-width-small:100%;--awb-order-small:0;--awb-spacing-right-small:1.92%;--awb-spacing-left-small:1.92%;\"><div class=\"fusion-column-wrapper fusion-column-has-shadow fusion-flex-justify-content-flex-start fusion-content-layout-column\"><\/div><\/div><div class=\"fusion-layout-column fusion_builder_column fusion-builder-column-1 fusion_builder_column_1_4 1_4 fusion-flex-column fusion-flex-align-self-flex-start id-101556\" style=\"--awb-padding-right-small:40px;--awb-padding-left-small:40px;--awb-bg-size:cover;--awb-width-large:25%;--awb-margin-top-large:-30px;--awb-spacing-right-large:0px;--awb-margin-bottom-large:20px;--awb-spacing-left-large:0px;--awb-width-medium:25%;--awb-order-medium:0;--awb-spacing-right-medium:0px;--awb-spacing-left-medium:0px;--awb-width-small:100%;--awb-order-small:0;--awb-spacing-right-small:1.92%;--awb-spacing-left-small:1.92%;\" data-scroll-devices=\"small-visibility,medium-visibility,large-visibility\"><div class=\"fusion-column-wrapper fusion-column-has-shadow fusion-flex-justify-content-flex-start fusion-content-layout-column\"><div class=\"fusion-text fusion-text-1\">     <ul style=\"--awb-size:20px;--awb-margin-top:0px;--awb-margin-right:0px;--awb-margin-bottom:0px;--awb-margin-left:0px;--awb-item-padding-top:0px;--awb-item-padding-right:0px;--awb-item-padding-bottom:0px;--awb-item-padding-left:0px;--awb-line-height:34px;--awb-icon-width:34px;--awb-icon-height:34px;--awb-icon-margin:14px;--awb-content-margin:48px;\" class=\"fusion-checklist fusion-checklist-1 type-icons\">\n         <li class=\"fusion-li-item\" style=\"\">\n            <span class=\"icon-wrapper circle-no\">\n                <i class=\"fusion-li-icon icon-Plava_Visitrijeka\" aria-hidden=\"true\"><\/i>\n            <\/span>\n            <div class=\"fusion-li-item-content\">\n                <h3><strong>events.<\/strong><\/h3>\n            <\/div>\n        <\/li>\n    <\/ul>\n    \n<\/div><\/div><\/div>\n<\/div><\/div><div class=\"fusion-fullwidth fullwidth-box fusion-builder-row-2 fusion-flex-container has-pattern-background has-mask-background nonhundred-percent-fullwidth non-hundred-percent-height-scrolling\" style=\"--awb-border-radius-top-left:0px;--awb-border-radius-top-right:0px;--awb-border-radius-bottom-right:0px;--awb-border-radius-bottom-left:0px;--awb-padding-top:0px;--awb-padding-bottom:45px;--awb-padding-top-small:30px;--awb-background-color:var(--awb-color1);--awb-flex-wrap:wrap;\" ><div class=\"fusion-builder-row fusion-row fusion-flex-align-items-flex-start fusion-flex-content-wrap\" style=\"max-width:1414.4px;margin-left: calc(-4% \/ 2 );margin-right: calc(-4% \/ 2 );\"><div class=\"fusion-layout-column fusion_builder_column fusion-builder-column-2 fusion_builder_column_1_1 1_1 fusion-flex-column id-101556\" style=\"--awb-bg-size:cover;--awb-width-large:100%;--awb-margin-top-large:-50px;--awb-spacing-right-large:1.92%;--awb-margin-bottom-large:20px;--awb-spacing-left-large:1.92%;--awb-width-medium:100%;--awb-order-medium:0;--awb-spacing-right-medium:1.92%;--awb-spacing-left-medium:1.92%;--awb-width-small:100%;--awb-order-small:0;--awb-spacing-right-small:1.92%;--awb-spacing-left-small:1.92%;\" data-scroll-devices=\"small-visibility,medium-visibility,large-visibility\"><div class=\"fusion-column-wrapper fusion-column-has-shadow fusion-flex-justify-content-flex-start fusion-content-layout-column\"><ul style=\"--awb-margin-bottom:20px;--awb-iconcolor:var(--awb-custom_color_2);--awb-textcolor:var(--awb-color8);--awb-line-height:25.5px;--awb-icon-width:25.5px;--awb-icon-height:25.5px;--awb-icon-margin:10.5px;--awb-content-margin:36px;\" class=\"fusion-checklist fusion-checklist-1 fusion-checklist-default type-icons\"><\/ul><div class=\"fusion-text fusion-text-2 fusion-text-no-margin\" style=\"--awb-text-color:var(--awb-color8);--awb-margin-bottom:15px;\"><p>For the first time this year, the people of Rijeka will get to enjoy winter magic at the indoor ice skating rink!<br \/>\nAn ice skating rink spanning 500 m\u00b2 will be open from 29 November 2025 to 11 January 2026 in the beautiful interior of Exportdrvo.<\/p>\n<p>There is an eventful holiday programme in store for visitors, such as entertainment for children, the greeting of St. Nicholas and Santa Claus, the indelible Disco on Ice, as well as the children\u2019s New Year\u2019s Eve party.<br \/>\nIce skating lessons will be held for children during the winter break, while special promotional events such as Student Days and Family Days will delight visitors even more.<\/p>\n<p>Come, put on your skates and indulge in a winter experience on ice \u2013 because winter in Rijeka has never been more fun!<\/p>\n<p>The programme will also feature a range of food and beverages, with scrumptious homemade \u201cfritule\u201d (doughnuts) and hot cocktails as stand-outs. Also included is the hot cocktail SNOW WHITE presented in an apple.<\/p>\n<p><b>Attached is this year\u2019s programme.<\/b><\/p>\n<p><b>29 November <\/b>Opening ceremony Medve\u0161\u010dak Figure and Roller Skating Club 4 p.m.<\/p>\n<p><b>30 November <\/b>Angel&amp;Stitch mascots 4-7 p.m. + DJ<\/p>\n<p><b>6 December<\/b> St. Nicholas \u2013 hand-out of presents with entertainers and St. Nicholas<\/p>\n<p><b>7 December <\/b>Angel&amp;Stitch mascots + DJ<\/p>\n<p><b>12 December<\/b> Infinity Band<\/p>\n<p><b>13 December<\/b> Little School of Olympism<\/p>\n<p>Disco on Ice<\/p>\n<p><b>14 December<\/b> Little School of Olympism<\/p>\n<p>Angel&amp;Stitch mascots<\/p>\n<p><b>20 December<\/b> Little School of Olympism<\/p>\n<p>Greetings from the North Pole (entertainers, igloo on ice)<\/p>\n<p>Disco on Ice<\/p>\n<p><b>21 December<\/b> Little School of Olympism<\/p>\n<p>Angel&amp;Stitch mascots<\/p>\n<p><b>24 December<\/b> Greeting Santa Claus (entertainers + Santa and presents)<\/p>\n<p><b>26 December <\/b>Disco on Ice<\/p>\n<p><b>27 December<\/b> Little School of Olympism<\/p>\n<p><b>28 December<\/b> Little School of Olympism<\/p>\n<p>Angel&amp;Stitch mascots<\/p>\n<p><b>31 December <\/b>Children&#8217;s New Year\u2019s Eve party at noon<\/p>\n<p><b>3 January<\/b> Little School of Olympism<\/p>\n<p><b>4 January<\/b> Little School of Olympism<\/p>\n<p>Angel&amp;Stitch mascots<\/p>\n<p><b>11 January<\/b> Closing ceremony<\/p>\n<p><b>PROGRAMME DESCRIPTION<\/b><\/p>\n<p><b>Opening ceremony featuring the Medve\u0161\u010dak Figure and Roller Skating Club<\/b><\/p>\n<p>The Medve\u0161\u010dak Figure and Roller Skating Club is the oldest and most renowned figure and roller skating club in Croatia and was founded in 1961. Idora Hegel is the club\u2019s most famous member.<\/p>\n<p>The club organises and hosts the prestigious international figure skating tournament Golden Bear, which has been included in the ISU\u2019s calendar for the past 30 years and brings together numerous skaters from all continents.<\/p>\n<p><b>Angel&amp;Stitch mascots<\/b><\/p>\n<p>The popular entertainment centre Hip Hop in Rijeka features popular children\u2019s characters as mascots on skates. They will be in charge of entertainment and interaction with visitors, who will be able to take pictures with them.<\/p>\n<p>Every Sunday from 4 p.m. to 7 p.m.<\/p>\n<p><b>Little School of Olympism<\/b><\/p>\n<p>We are organising the Little School of Olympism in cooperation with Magi\u010dni \u0160e\u0161ir. Accompanied by a kinesiologist, children will engage in various obstacle courses and fun workshops and learn about fair play and Olympic sportsmanship.<\/p>\n<p><b>Greetings from the North Pole<\/b><\/p>\n<p>Zemlja Zabave offers a touch of the North Pole. Visitors young and old will have a jolly good time exploring igloos and other ice attractions with Santa&#8217;s little helpers.<\/p>\n<p><b>Disco on Ice<\/b><\/p>\n<p>Glitter, light show, disco ball, music from the 60s to the 90s. You\u2019ll definitely have an ice time here.<\/p>\n<p><b>Greetings of St. Nicholas and Santa Claus<\/b><\/p>\n<p>Featuring entertainers, a hand-out of presents and Saint Nicholas\/Santa Claus, obviously.<\/p>\n<p>There will be a fully designed stage with guided games for children.<\/p>\n<p><b>Infinity Band<\/b><\/p>\n<p>One of Rijeka\u2019s most popular cover bands will be performing on 12 December 2025.<\/p>\n<p>Their repertoire (pop, rock, disco, reggae and funk) spans all the way from the 60s (evergreen) to the present day (TOP charts).<\/p>\n<p><b>Children\u2019s Corner<\/b><\/p>\n<p>A mini creative corner with educational colouring books and all the necessary accessories will be a regular feature.<\/p>\n<p><b>Ice skating lessons<\/b><\/p>\n<p>Ice skating lessons will be held during the winter break in cooperation with the SuperKid ice skating school from Zagreb. The instructors are certified coaches who give lessons in accordance with a verified programme.<\/p>\n<p><b>Daily party programme<\/b><\/p>\n<p>In addition to skating pleasure, Rijeka\u2019s top musicians and DJs will make sure to shift the entertainment from the ice to the solid ground of EXPORTDRVO.<\/p>\n<p><b>CATERING ESTABLISHMENT OFFERING<\/b><b><\/b><\/p>\n<p>BOOTH 1<\/p>\n<p>\u2013 Mulled wine (premium wine made to the recipe of an Istrian winemaker that includes natural ingredients instead of supplements \u2013 squeezed orange, etc.)<\/p>\n<p>\u2013 Hot cocktails made to our original recipes and uniquely presented (hollowed-out apple, image below)<\/p>\n<p>\u2013 A first-rate selection of high-quality alcoholic beverages<\/p>\n<p>BOOTH 2<\/p>\n<p>\u2013 Hausbrandt coffee<\/p>\n<p>\u2013 Ronnefeldt teas<\/p>\n<p>\u2013 Hot chocolate in an edible cup<\/p>\n<p>\u2013 Various flavours of eggnog<\/p>\n<p>\u2013 Homemade \u201cfritule\u201d (doughnuts) with various original additions (Nutella, Lino Lada etc.)<\/p>\n<p>BOOTH 3<\/p>\n<p>\u2013 Tortillas \u2013 vegetarian and with meat<\/p>\n<p>\u2013 Cold cut platters (homemade, prosciutto and other charcuterie)<\/p>\n<p>\u2013 Pork cracklings<\/p>\n<\/div><div class=\"fusion-image-carousel fusion-image-carousel-fixed fusion-image-carousel-1 lightbox-enabled\" style=\"margin-top:20px;\"><div class=\"awb-carousel awb-swiper awb-swiper-carousel awb-carousel--carousel awb-swiper-dots-position-bottom\" data-layout=\"carousel\" data-autoplay=\"no\" data-autoplayspeed=\"2500\" data-autoplaypause=\"no\" data-columns=\"5\" data-columnsmedium=\"1\" data-columnssmall=\"1\" data-itemmargin=\"13\" data-itemwidth=\"180\" data-touchscroll=\"no\" data-freemode=\"no\" data-imagesize=\"fixed\" data-scrollitems=\"5\" data-centeredslides=\"no\" data-rotationangle=\"50\" data-depth=\"100\" data-speed=\"500\" data-shadow=\"no\" data-pagination=\"bullets\"><div class=\"swiper-wrapper awb-image-carousel-wrapper fusion-flex-align-items-center\"><\/div><div class=\"awb-swiper-button awb-swiper-button-prev\"><i class=\"awb-icon-angle-left\" aria-hidden=\"true\"><\/i><\/div><div class=\"awb-swiper-button awb-swiper-button-next\"><i class=\"awb-icon-angle-right\" aria-hidden=\"true\"><\/i><\/div><\/div><\/div>\n<\/div><\/div><\/div><\/div><\/p>\n","protected":false},"excerpt":{"rendered":"","protected":false},"author":173,"featured_media":100805,"parent":0,"menu_order":0,"comment_status":"closed","ping_status":"closed","template":"100-width.php","meta":{"_acf_changed":false,"inline_featured_image":false,"footnotes":""},"class_list":["post-101556","page","type-page","status-publish","has-post-thumbnail","hentry"],"acf":[],"yoast_head":"<!-- This site is optimized with the Yoast SEO plugin v26.3 - https:\/\/yoast.com\/wordpress\/plugins\/seo\/ -->\n<title>Ice skating rink at Exportdrvo - Visit Rijeka<\/title>\n<meta name=\"description\" content=\"Advent na Gradini jedan je od najrasko\u0161nijih advenata u ovom dijelu Europe te broji ve\u0107 \u0161est izdanja s vi\u0161e od 340.000 posjetitelja\" \/>\n<meta name=\"robots\" content=\"index, follow, max-snippet:-1, max-image-preview:large, max-video-preview:-1\" \/>\n<link rel=\"canonical\" href=\"https:\/\/visitrijeka.hr\/en\/klizaliste-u-exportdrvu\/\" \/>\n<meta property=\"og:locale\" content=\"en_US\" \/>\n<meta property=\"og:type\" content=\"article\" \/>\n<meta property=\"og:title\" content=\"Ice skating rink at Exportdrvo - Visit Rijeka\" \/>\n<meta property=\"og:description\" content=\"Advent na Gradini jedan je od najrasko\u0161nijih advenata u ovom dijelu Europe te broji ve\u0107 \u0161est izdanja s vi\u0161e od 340.000 posjetitelja\" \/>\n<meta property=\"og:url\" content=\"https:\/\/visitrijeka.hr\/en\/klizaliste-u-exportdrvu\/\" \/>\n<meta property=\"og:site_name\" content=\"Visit Rijeka\" \/>\n<meta property=\"article:publisher\" content=\"https:\/\/www.facebook.com\/VisitRijeka\" \/>\n<meta property=\"article:modified_time\" content=\"2025-12-04T11:04:29+00:00\" \/>\n<meta property=\"og:image\" content=\"https:\/\/visitrijeka.hr\/wp-content\/uploads\/2025\/11\/Dizajn-bez-naslova-70.png\" \/>\n\t<meta property=\"og:image:width\" content=\"1536\" \/>\n\t<meta property=\"og:image:height\" content=\"1024\" \/>\n\t<meta property=\"og:image:type\" content=\"image\/png\" \/>\n<meta name=\"twitter:card\" content=\"summary_large_image\" \/>\n<meta name=\"twitter:label1\" content=\"Est. reading time\" \/>\n\t<meta name=\"twitter:data1\" content=\"6 minutes\" \/>\n<script type=\"application\/ld+json\" class=\"yoast-schema-graph\">{\"@context\":\"https:\/\/schema.org\",\"@graph\":[{\"@type\":\"WebPage\",\"@id\":\"https:\/\/visitrijeka.hr\/en\/klizaliste-u-exportdrvu\/\",\"url\":\"https:\/\/visitrijeka.hr\/en\/klizaliste-u-exportdrvu\/\",\"name\":\"Ice skating rink at Exportdrvo - Visit Rijeka\",\"isPartOf\":{\"@id\":\"https:\/\/visitrijeka.hr\/en\/#website\"},\"primaryImageOfPage\":{\"@id\":\"https:\/\/visitrijeka.hr\/en\/klizaliste-u-exportdrvu\/#primaryimage\"},\"image\":{\"@id\":\"https:\/\/visitrijeka.hr\/en\/klizaliste-u-exportdrvu\/#primaryimage\"},\"thumbnailUrl\":\"https:\/\/visitrijeka.hr\/wp-content\/uploads\/2025\/11\/Dizajn-bez-naslova-70.png\",\"datePublished\":\"2025-11-13T15:14:10+00:00\",\"dateModified\":\"2025-12-04T11:04:29+00:00\",\"description\":\"Advent na Gradini jedan je od najrasko\u0161nijih advenata u ovom dijelu Europe te broji ve\u0107 \u0161est izdanja s vi\u0161e od 340.000 posjetitelja\",\"breadcrumb\":{\"@id\":\"https:\/\/visitrijeka.hr\/en\/klizaliste-u-exportdrvu\/#breadcrumb\"},\"inLanguage\":\"en-US\",\"potentialAction\":[{\"@type\":\"ReadAction\",\"target\":[\"https:\/\/visitrijeka.hr\/en\/klizaliste-u-exportdrvu\/\"]}]},{\"@type\":\"ImageObject\",\"inLanguage\":\"en-US\",\"@id\":\"https:\/\/visitrijeka.hr\/en\/klizaliste-u-exportdrvu\/#primaryimage\",\"url\":\"https:\/\/visitrijeka.hr\/wp-content\/uploads\/2025\/11\/Dizajn-bez-naslova-70.png\",\"contentUrl\":\"https:\/\/visitrijeka.hr\/wp-content\/uploads\/2025\/11\/Dizajn-bez-naslova-70.png\",\"width\":1536,\"height\":1024},{\"@type\":\"WebSite\",\"@id\":\"https:\/\/visitrijeka.hr\/en\/#website\",\"url\":\"https:\/\/visitrijeka.hr\/en\/\",\"name\":\"Visit Rijeka\",\"description\":\"Grad koji te\u010de....\",\"publisher\":{\"@id\":\"https:\/\/visitrijeka.hr\/en\/#organization\"},\"potentialAction\":[{\"@type\":\"SearchAction\",\"target\":{\"@type\":\"EntryPoint\",\"urlTemplate\":\"https:\/\/visitrijeka.hr\/en\/?s={search_term_string}\"},\"query-input\":{\"@type\":\"PropertyValueSpecification\",\"valueRequired\":true,\"valueName\":\"search_term_string\"}}],\"inLanguage\":\"en-US\"},{\"@type\":\"Organization\",\"@id\":\"https:\/\/visitrijeka.hr\/en\/#organization\",\"name\":\"Visit Rijeka\",\"url\":\"https:\/\/visitrijeka.hr\/en\/\",\"logo\":{\"@type\":\"ImageObject\",\"inLanguage\":\"en-US\",\"@id\":\"https:\/\/visitrijeka.hr\/en\/#\/schema\/logo\/image\/\",\"url\":\"https:\/\/visitrijeka.hr\/wp-content\/uploads\/2023\/02\/Logo_Visit_rijeka_460.svg\",\"contentUrl\":\"https:\/\/visitrijeka.hr\/wp-content\/uploads\/2023\/02\/Logo_Visit_rijeka_460.svg\",\"width\":100,\"height\":100,\"caption\":\"Visit Rijeka\"},\"image\":{\"@id\":\"https:\/\/visitrijeka.hr\/en\/#\/schema\/logo\/image\/\"},\"sameAs\":[\"https:\/\/www.facebook.com\/VisitRijeka\"]}]}<\/script>\n<!-- \/ Yoast SEO plugin. -->","yoast_head_json":{"title":"Ice skating rink at Exportdrvo - Visit Rijeka","description":"Advent na Gradini jedan je od najrasko\u0161nijih advenata u ovom dijelu Europe te broji ve\u0107 \u0161est izdanja s vi\u0161e od 340.000 posjetitelja","robots":{"index":"index","follow":"follow","max-snippet":"max-snippet:-1","max-image-preview":"max-image-preview:large","max-video-preview":"max-video-preview:-1"},"canonical":"https:\/\/visitrijeka.hr\/en\/klizaliste-u-exportdrvu\/","og_locale":"en_US","og_type":"article","og_title":"Ice skating rink at Exportdrvo - Visit Rijeka","og_description":"Advent na Gradini jedan je od najrasko\u0161nijih advenata u ovom dijelu Europe te broji ve\u0107 \u0161est izdanja s vi\u0161e od 340.000 posjetitelja","og_url":"https:\/\/visitrijeka.hr\/en\/klizaliste-u-exportdrvu\/","og_site_name":"Visit Rijeka","article_publisher":"https:\/\/www.facebook.com\/VisitRijeka","article_modified_time":"2025-12-04T11:04:29+00:00","og_image":[{"width":1536,"height":1024,"url":"https:\/\/visitrijeka.hr\/wp-content\/uploads\/2025\/11\/Dizajn-bez-naslova-70.png","type":"image\/png"}],"twitter_card":"summary_large_image","twitter_misc":{"Est. reading time":"6 minutes"},"schema":{"@context":"https:\/\/schema.org","@graph":[{"@type":"WebPage","@id":"https:\/\/visitrijeka.hr\/en\/klizaliste-u-exportdrvu\/","url":"https:\/\/visitrijeka.hr\/en\/klizaliste-u-exportdrvu\/","name":"Ice skating rink at Exportdrvo - Visit Rijeka","isPartOf":{"@id":"https:\/\/visitrijeka.hr\/en\/#website"},"primaryImageOfPage":{"@id":"https:\/\/visitrijeka.hr\/en\/klizaliste-u-exportdrvu\/#primaryimage"},"image":{"@id":"https:\/\/visitrijeka.hr\/en\/klizaliste-u-exportdrvu\/#primaryimage"},"thumbnailUrl":"https:\/\/visitrijeka.hr\/wp-content\/uploads\/2025\/11\/Dizajn-bez-naslova-70.png","datePublished":"2025-11-13T15:14:10+00:00","dateModified":"2025-12-04T11:04:29+00:00","description":"Advent na Gradini jedan je od najrasko\u0161nijih advenata u ovom dijelu Europe te broji ve\u0107 \u0161est izdanja s vi\u0161e od 340.000 posjetitelja","breadcrumb":{"@id":"https:\/\/visitrijeka.hr\/en\/klizaliste-u-exportdrvu\/#breadcrumb"},"inLanguage":"en-US","potentialAction":[{"@type":"ReadAction","target":["https:\/\/visitrijeka.hr\/en\/klizaliste-u-exportdrvu\/"]}]},{"@type":"ImageObject","inLanguage":"en-US","@id":"https:\/\/visitrijeka.hr\/en\/klizaliste-u-exportdrvu\/#primaryimage","url":"https:\/\/visitrijeka.hr\/wp-content\/uploads\/2025\/11\/Dizajn-bez-naslova-70.png","contentUrl":"https:\/\/visitrijeka.hr\/wp-content\/uploads\/2025\/11\/Dizajn-bez-naslova-70.png","width":1536,"height":1024},{"@type":"WebSite","@id":"https:\/\/visitrijeka.hr\/en\/#website","url":"https:\/\/visitrijeka.hr\/en\/","name":"Visit Rijeka","description":"Grad koji te\u010de....","publisher":{"@id":"https:\/\/visitrijeka.hr\/en\/#organization"},"potentialAction":[{"@type":"SearchAction","target":{"@type":"EntryPoint","urlTemplate":"https:\/\/visitrijeka.hr\/en\/?s={search_term_string}"},"query-input":{"@type":"PropertyValueSpecification","valueRequired":true,"valueName":"search_term_string"}}],"inLanguage":"en-US"},{"@type":"Organization","@id":"https:\/\/visitrijeka.hr\/en\/#organization","name":"Visit Rijeka","url":"https:\/\/visitrijeka.hr\/en\/","logo":{"@type":"ImageObject","inLanguage":"en-US","@id":"https:\/\/visitrijeka.hr\/en\/#\/schema\/logo\/image\/","url":"https:\/\/visitrijeka.hr\/wp-content\/uploads\/2023\/02\/Logo_Visit_rijeka_460.svg","contentUrl":"https:\/\/visitrijeka.hr\/wp-content\/uploads\/2023\/02\/Logo_Visit_rijeka_460.svg","width":100,"height":100,"caption":"Visit Rijeka"},"image":{"@id":"https:\/\/visitrijeka.hr\/en\/#\/schema\/logo\/image\/"},"sameAs":["https:\/\/www.facebook.com\/VisitRijeka"]}]}},"_links":{"self":[{"href":"https:\/\/visitrijeka.hr\/en\/wp-json\/wp\/v2\/pages\/101556","targetHints":{"allow":["GET"]}}],"collection":[{"href":"https:\/\/visitrijeka.hr\/en\/wp-json\/wp\/v2\/pages"}],"about":[{"href":"https:\/\/visitrijeka.hr\/en\/wp-json\/wp\/v2\/types\/page"}],"author":[{"embeddable":true,"href":"https:\/\/visitrijeka.hr\/en\/wp-json\/wp\/v2\/users\/173"}],"replies":[{"embeddable":true,"href":"https:\/\/visitrijeka.hr\/en\/wp-json\/wp\/v2\/comments?post=101556"}],"version-history":[{"count":0,"href":"https:\/\/visitrijeka.hr\/en\/wp-json\/wp\/v2\/pages\/101556\/revisions"}],"wp:featuredmedia":[{"embeddable":true,"href":"https:\/\/visitrijeka.hr\/en\/wp-json\/wp\/v2\/media\/100805"}],"wp:attachment":[{"href":"https:\/\/visitrijeka.hr\/en\/wp-json\/wp\/v2\/media?parent=101556"}],"curies":[{"name":"wp","href":"https:\/\/api.w.org\/{rel}","templated":true}]}}